{"id":2497,"date":"2025-12-17T12:20:41","date_gmt":"2025-12-17T11:20:41","guid":{"rendered":"https:\/\/newpropaccdev.wpenginepowered.com\/?page_id=2497"},"modified":"2026-04-14T11:51:36","modified_gmt":"2026-04-14T09:51:36","slug":"privacy-policy","status":"publish","type":"page","link":"https:\/\/propaccount.com\/pt\/privacy-policy\/","title":{"rendered":"Pol\u00edtica de Privacidade"},"content":{"rendered":"<div data-elementor-type=\"wp-page\" data-elementor-id=\"2497\" class=\"elementor elementor-2497\" data-elementor-post-type=\"page\">\n\t\t\t\t<div class=\"elementor-element elementor-element-7531cbc6 e-flex e-con-boxed e-con e-parent\" data-id=\"7531cbc6\" data-element_type=\"container\" data-e-type=\"container\" data-settings=\"{&quot;background_background&quot;:&quot;gradient&quot;}\">\n\t\t\t\t\t<div class=\"e-con-inner\">\n\t\t\t\t<div class=\"elementor-element elementor-element-dc7f7e0 elementor-widget elementor-widget-heading\" data-id=\"dc7f7e0\" data-element_type=\"widget\" data-e-type=\"widget\" data-widget_type=\"heading.default\">\n\t\t\t\t<div class=\"elementor-widget-container\">\n\t\t\t\t\t<h1 class=\"elementor-heading-title elementor-size-default\">Pol\u00edtica de Privacidade<\/h1>\t\t\t\t<\/div>\n\t\t\t\t<\/div>\n\t\t\t\t\t<\/div>\n\t\t\t\t<\/div>\n\t\t<div class=\"elementor-element elementor-element-8d84394 e-flex e-con-boxed e-con e-parent\" data-id=\"8d84394\" data-element_type=\"container\" data-e-type=\"container\">\n\t\t\t\t\t<div class=\"e-con-inner\">\n\t\t\t\t<div class=\"elementor-element elementor-element-91f37f2 gradient-heading-for-text elementor-widget elementor-widget-text-editor\" data-id=\"91f37f2\" data-element_type=\"widget\" data-e-type=\"widget\" data-widget_type=\"text-editor.default\">\n\t\t\t\t<div class=\"elementor-widget-container\">\n\t\t\t\t\t\t\t\t\t<div class=\"page-text\">O Grupo de Empresas Prop Account (Prop Account, LLC, Prop Account LC, Prop Account LTD, CRM Solutions LC, coletivamente D\/B\/A \u2018PropAccount) \u00e9 o controlador de dados respons\u00e1vel pelos dados pessoais e \u00e9 o \u00fanico propriet\u00e1rio dos nossos websites (\u201cWebsite\u201d), aplica\u00e7\u00f5es de desktop, servi\u00e7os do Grupo Prop Account (cada um, um \u201cServi\u00e7o\u201d) e de todas as informa\u00e7\u00f5es recolhidas neles. Recolhemos informa\u00e7\u00f5es dos utilizadores de v\u00e1rias formas (explicadas em detalhe nesta Pol\u00edtica de Privacidade). Se precisar de assist\u00eancia para visualizar esta Pol\u00edtica de Privacidade, por favor contacte-nos utilizando as informa\u00e7\u00f5es de contacto no final desta Pol\u00edtica de Privacidade. Esta Pol\u00edtica de Privacidade aplica-se aos dados pessoais que recolhemos de si quando visita este Website, cria uma conta, utiliza as nossas aplica\u00e7\u00f5es ou servi\u00e7os (\u201cvoc\u00ea\u201d ou \u201cseu\u201d sendo interpretado de acordo). Fornece informa\u00e7\u00f5es sobre quais dados pessoais recolhemos, por que recolhemos dados pessoais, como s\u00e3o utilizados, como s\u00e3o armazenados e como partilhamos informa\u00e7\u00f5es. Conforme utilizado nesta Pol\u00edtica de Privacidade, \u201cdados pessoais\u201d ou \u201cinforma\u00e7\u00f5es pessoais\u201d significa qualquer informa\u00e7\u00e3o que se relacione consigo e a partir da qual possa ser identificado.<\/div><h2 class=\"page-text\">Atualiza\u00e7\u00f5es<\/h2><div class=\"page-text\">Poderemos atualizar esta Pol\u00edtica de Privacidade, a nosso crit\u00e9rio, de tempos em tempos, publicando uma nova vers\u00e3o no nosso website. Deve verificar o nosso website ocasionalmente para garantir que quaisquer altera\u00e7\u00f5es feitas s\u00e3o adequadas para si. Se exigido pela lei aplic\u00e1vel, ser\u00e1 informado de quaisquer altera\u00e7\u00f5es significativas feitas a esta Pol\u00edtica de Privacidade.<\/div><h2 class=\"page-text\">Dados pessoais que recolhemos<\/h2><div class=\"page-text\">Recolhemos informa\u00e7\u00f5es sobre si de v\u00e1rias formas, dependendo de como interage connosco e com os nossos websites e servi\u00e7os, incluindo:<\/div><div>\u00a0<\/div><ul><li class=\"page-text\">Diretamente de si quando nos as fornece, como quando se regista para uma conta, se inscreve para receber comunica\u00e7\u00f5es nossas, faz uma encomenda\/uma compra, ou nos contacta por telefone, e-mail ou de outra forma.<\/li><li class=\"page-text\">Automaticamente atrav\u00e9s do uso de registos de servidor e outras tecnologias semelhantes quando interage com os nossos websites, an\u00fancios e e-mails.<\/li><li class=\"page-text\">De outras fontes, incluindo, por exemplo, os nossos afiliados, parceiros de neg\u00f3cios, prestadores de servi\u00e7os e outros terceiros, ou de fontes publicamente dispon\u00edveis. Por exemplo, se enviar uma candidatura de emprego ou se tornar um funcion\u00e1rio, poderemos realizar uma verifica\u00e7\u00e3o de antecedentes.<\/li><\/ul><p>O seguinte fornece exemplos do tipo de informa\u00e7\u00e3o que recolhemos em v\u00e1rios contextos e como utilizamos essa informa\u00e7\u00e3o.<\/p><div style=\"overflow-x: auto;\"><table width=\"1400\"><thead><tr><td><strong>Contexto<\/strong><\/td><td><strong>Tipos de Informa\u00e7\u00e3o Pessoal<\/strong><\/td><td><strong>Finalidade Principal para a Recolha e Utiliza\u00e7\u00e3o de Informa\u00e7\u00e3o Pessoal<\/strong><\/td><\/tr><\/thead><tbody><tr><td><strong>Registo de Conta e Gest\u00e3o de Perfil<\/strong><\/td><td>Recolhemos o seu nome e informa\u00e7\u00f5es de contacto, incluindo o seu nome de utilizador, quando cria uma conta. Tamb\u00e9m recolhemos informa\u00e7\u00f5es relacionadas com as a\u00e7\u00f5es que realiza enquanto est\u00e1 ligado \u00e0 sua conta.<\/td><td>Temos um interesse leg\u00edtimo em fornecer funcionalidades relacionadas com a conta aos nossos utilizadores. As contas podem ser utilizadas para um checkout f\u00e1cil e para guardar as suas prefer\u00eancias e hist\u00f3rico de transa\u00e7\u00f5es.<\/td><\/tr><tr><td><strong>Servi\u00e7os de Interface de Programa\u00e7\u00e3o de Aplica\u00e7\u00f5es (\u201cAPI\u201d)<\/strong><\/td><td>Coletamos v\u00e1rios dados pessoais, ou seja, nome, endere\u00e7o, endere\u00e7o IP, quando voc\u00ea usa nossos servi\u00e7os de API.<\/td><td>Temos um interesse leg\u00edtimo em fornecer servi\u00e7os de API, incluindo servi\u00e7os de suporte.<\/td><\/tr><tr><td><strong>Informa\u00e7\u00f5es do Cliente<\/strong><\/td><td>Podemos coletar o nome e as informa\u00e7\u00f5es de contato de nossos clientes e de seus funcion\u00e1rios com quem podemos interagir.<\/td><td>Temos um interesse leg\u00edtimo em contatar nossos clientes e nos comunicar com eles sobre a administra\u00e7\u00e3o normal dos neg\u00f3cios, como projetos, Servi\u00e7os e faturamento.<\/td><\/tr><tr><td><strong>Seu Uso do Nosso Site<\/strong><\/td><td>Podemos usar tecnologia para monitorar como voc\u00ea interage com nosso site. Isso pode incluir quais links voc\u00ea clica ou informa\u00e7\u00f5es que voc\u00ea digita em nossos formul\u00e1rios online. Algumas dessas tecnologias podem usar \u201ccookies\u201d. Cookies s\u00e3o pequenos peda\u00e7os de informa\u00e7\u00e3o que um site envia para o disco r\u00edgido de um computador enquanto um site \u00e9 visualizado. Outros tipos de dados que rastreamos incluem seu endere\u00e7o IP, o site que o encaminhou para o nosso site e dados sobre o dispositivo que voc\u00ea usa para visitar nosso site.<\/td><td>Temos um interesse leg\u00edtimo em fazer nosso site operar de forma eficiente. Tamb\u00e9m o usamos para entender como voc\u00ea interage com nossos sites para melhor\u00e1-los e entender suas prefer\u00eancias. Finalmente, usamos essas informa\u00e7\u00f5es para ajudar a detectar e prevenir fraudes.<\/td><\/tr><tr><td><strong>Tecnologia em Nosso Site para Publicidade Direcionada<\/strong><\/td><td>Podemos permitir que terceiros coloquem tecnologia em nossos sites (por exemplo, um cookie ou um pixel) que lhes permite rastre\u00e1-lo. O terceiro tamb\u00e9m pode coletar dados ao longo do tempo e em outros sites. Eles usam esses dados para veicular an\u00fancios adaptados aos seus interesses, o que pode incluir an\u00fancios sobre nossos produtos ou Servi\u00e7os.<\/td><td>N\u00e3o usamos cookies em nosso site para participar de publicidade baseada em comportamento,<\/td><\/tr><tr><td><strong>Informa\u00e7\u00f5es Demogr\u00e1ficas<\/strong><\/td><td>Podemos coletar informa\u00e7\u00f5es pessoais, como sua idade ou localiza\u00e7\u00e3o.<\/td><td>Temos um interesse leg\u00edtimo em entender nossos usu\u00e1rios e fornecer Servi\u00e7os personalizados.<\/td><\/tr><tr><td><strong>Informa\u00e7\u00f5es de Dist\u00e2ncia<\/strong><\/td><td>Quando voc\u00ea usa um de nossos Aplicativos, podemos coletar sua localiza\u00e7\u00e3o do GPS, Wi-Fi e\/ou tecnologia celular em seu dispositivo para determinar sua localiza\u00e7\u00e3o.<\/td><td>Temos um interesse leg\u00edtimo em compreender os nossos utilizadores e em fornecer Servi\u00e7os personalizados. Em alguns contextos, a nossa utiliza\u00e7\u00e3o tamb\u00e9m se baseia no seu consentimento para nos fornecer informa\u00e7\u00f5es de geolocaliza\u00e7\u00e3o.<\/td><\/tr><tr><td><strong>Atendimento ao Cliente e Feedback<\/strong><\/td><td>Se nos fornecer feedback ou nos contactar para suporte, recolheremos o seu nome e endere\u00e7o de e-mail, bem como qualquer outro conte\u00fado que nos envie, a fim de responder.<\/td><td>Temos um interesse leg\u00edtimo em receber e agir sobre o seu feedback ou problemas.<\/td><\/tr><tr><td><strong>Lista de E-mails<\/strong><\/td><td>Quando se inscreve numa das nossas listas de e-mails, recolhemos o seu endere\u00e7o de e-mail ou endere\u00e7o postal.<\/td><td>Partilhamos informa\u00e7\u00f5es sobre os nossos produtos e Servi\u00e7os com indiv\u00edduos que consentem em receber tais informa\u00e7\u00f5es. Tamb\u00e9m temos um interesse leg\u00edtimo em partilhar informa\u00e7\u00f5es sobre os nossos produtos ou Servi\u00e7os.<\/td><\/tr><tr><td><strong>Coloca\u00e7\u00e3o de Pedidos<\/strong><\/td><td>Poderemos recolher o seu nome, endere\u00e7o de fatura\u00e7\u00e3o, endere\u00e7o de envio, endere\u00e7o de e-mail, n\u00famero de telefone e n\u00famero de cart\u00e3o de cr\u00e9dito quando efetuar uma encomenda.<\/td><td>Utilizamos as suas informa\u00e7\u00f5es para cumprir o nosso contrato de fornecimento de produtos ou Servi\u00e7os.<\/td><\/tr><\/tbody><\/table><\/div><h2>Utilizadores Internacionais<\/h2><p>Indiv\u00edduos sujeitos \u00e0s leis de prote\u00e7\u00e3o de dados europeias e do Reino Unido (\u201cUK\u201d) podem ter direitos de titular dos dados em rela\u00e7\u00e3o aos dados pessoais que detemos sobre eles (descritos em detalhe abaixo). Isto pode, por si s\u00f3, estar sujeito a limita\u00e7\u00f5es e\/ou restri\u00e7\u00f5es. Se estiver localizado no EEE ou no Reino Unido, por favor contacte-nos em <a href=\"mailto:support@propaccount.com\">support@propaccount.com<\/a> para exercer os seus direitos.<\/p><h2>Aceder aos dados<\/h2><p>Se solicitado, confirmaremos se estamos ou n\u00e3o a processar os seus dados pessoais e, em caso afirmativo, fornecer-lhe-emos uma c\u00f3pia desses dados pessoais, juntamente com quaisquer outros detalhes pertinentes. Se necessitar de c\u00f3pias adicionais, poderemos ter de cobrar uma taxa razo\u00e1vel, mas isto pode ser discutido e depende da situa\u00e7\u00e3o.<br \/>Restringir o tratamento de dados pessoais<br \/>Pode pedir-nos para restringir ou \u2018bloquear\u2019 o tratamento dos seus dados pessoais em certas circunst\u00e2ncias, por exemplo, se contestar a exatid\u00e3o dos dados ou se opuser ao seu tratamento por n\u00f3s. Iremos notific\u00e1-lo antes de levantarmos qualquer restri\u00e7\u00e3o ao tratamento. Se partilharmos os seus dados pessoais com terceiros, iremos notific\u00e1-los da restri\u00e7\u00e3o sempre que poss\u00edvel. Se solicitado, e se for poss\u00edvel e legal faz\u00ea-lo, tamb\u00e9m o notificaremos com quem partilh\u00e1mos ou iremos partilhar os seus dados pessoais para que possa contact\u00e1-los diretamente.<\/p><h2>Obje\u00e7\u00f5es<\/h2><p>Pode:<\/p><ul><li>pedir-nos para parar de tratar os seus dados pessoais a qualquer momento e, se exigido por lei, f\u00e1-lo-emos.;<\/li><li>opor-se ao tratamento dos seus dados para fins de marketing direto a qualquer momento. Isto pode ser feito clicando no bot\u00e3o \u201ccancelar subscri\u00e7\u00e3o\u201d nos nossos e-mails de marketing;<\/li><li>e recusar-se a receber notifica\u00e7\u00f5es de servi\u00e7o por e-mail (por exemplo, quando um utilizador a quem est\u00e1 subscrito publica um gr\u00e1fico, ideia, etc.). Isto pode ser ajustado nas defini\u00e7\u00f5es do utilizador.<\/li><\/ul><h2>Retirada de consentimento<\/h2><p>Se dependermos do seu consentimento para tratar os seus dados pessoais, tem o direito de retirar esse consentimento a qualquer momento. Isto n\u00e3o afetar\u00e1 a legalidade com que tratamos os seus dados antes de recebermos a notifica\u00e7\u00e3o do seu desejo de retirar o seu consentimento. Salientamos que geralmente n\u00e3o dependemos do seu consentimento para nos permitir tratar os seus dados pessoais se houver outra base legal dispon\u00edvel. Se dependermos do seu consentimento, deixaremos isso claro para si nesse momento.<\/p><h2>Visualiza\u00e7\u00e3o e corre\u00e7\u00e3o de dados<\/h2><p>Tem o direito de ter dados pessoais imprecisos retificados ou completados se estiverem incompletos. Para o fazer, cada utilizador pode visualizar, gerir e\/ou atualizar os seus dados pessoais na sec\u00e7\u00e3o de perfil. Se partilharmos os seus dados pessoais com terceiros, iremos notific\u00e1-los de quaisquer corre\u00e7\u00f5es feitas sempre que poss\u00edvel. Se solicitado, e onde for poss\u00edvel e legal faz\u00ea-lo, tamb\u00e9m o notificaremos com quem partilh\u00e1mos os seus dados pessoais para que possa contact\u00e1-los diretamente, se necess\u00e1rio.<\/p><h2>Elimina\u00e7\u00e3o de dados<\/h2><p>Tem o direito de recusar a utiliza\u00e7\u00e3o dos nossos Servi\u00e7os e pode pedir-nos para apagar ou remover os seus dados pessoais em certas circunst\u00e2ncias. Se partilharmos os seus dados com terceiros, iremos notific\u00e1-los das edi\u00e7\u00f5es sempre que poss\u00edvel. Se solicitado, e sempre que poss\u00edvel e legal faz\u00ea-lo, tamb\u00e9m o notificaremos com quem partilh\u00e1mos os seus dados pessoais para que possa contact\u00e1-los diretamente, se necess\u00e1rio. Consulte a sec\u00e7\u00e3o \u201cElimina\u00e7\u00e3o de conta de utilizador\u201d para mais detalhes.<\/p><h2>Portabilidade dos dados<\/h2><p>Tem o direito de obter os seus dados pessoais de n\u00f3s, os quais consentiu em nos dar ou que nos foram fornecidos conforme necess\u00e1rio em conex\u00e3o com o nosso contrato consigo. Iremos fornecer-lhe os seus dados pessoais num formato estruturado, comummente utilizado e leg\u00edvel por m\u00e1quina. Pode reutiliz\u00e1-los noutro local, se assim o desejar.<br \/>Apresentar uma reclama\u00e7\u00e3o junto da autoridade de prote\u00e7\u00e3o de dados<br \/>Se tiver preocupa\u00e7\u00f5es sobre as nossas pr\u00e1ticas de privacidade, incluindo a forma como tratamos ou temos os seus dados pessoais, pode comunic\u00e1-las a qualquer autoridade de prote\u00e7\u00e3o de dados competente de um estado membro da Uni\u00e3o Europeia que esteja autorizada a ouvir tais preocupa\u00e7\u00f5es (pode encontrar as informa\u00e7\u00f5es de contacto das Autoridades de Prote\u00e7\u00e3o de Dados da Uni\u00e3o Europeia aqui) ou ao Information Commissioner\u2019s Office (ICO), a autoridade de supervis\u00e3o do Reino Unido para quest\u00f5es de prote\u00e7\u00e3o de dados. Se desejar exercer qualquer um destes direitos, por favor contacte-nos. Note que poderemos precisar de lhe pedir informa\u00e7\u00f5es adicionais para verificar a sua identidade antes de podermos responder a qualquer pedido.<\/p><h2>Transfer\u00eancias internacionais de dados<\/h2><p>As informa\u00e7\u00f5es coletadas atrav\u00e9s dos Servi\u00e7os ser\u00e3o armazenadas em servidores localizados nos Estados Unidos, Uni\u00e3o Europeia e outros destinos, para os nossos prestadores de servi\u00e7os e empresas afiliadas para os fins descritos acima. Isso \u00e9 necess\u00e1rio para permitir que voc\u00ea navegue e use nossos Servi\u00e7os, e ao nos enviar seus dados pessoais, voc\u00ea concorda com a transfer\u00eancia, armazenamento e processamento de suas informa\u00e7\u00f5es em um pa\u00eds diferente do seu pa\u00eds de resid\u00eancia. Os dados podem ser transmitidos aos nossos prestadores de servi\u00e7os e afiliados que apoiam nossas opera\u00e7\u00f5es comerciais (descritas acima). Observe que os pa\u00edses em quest\u00e3o podem n\u00e3o fornecer os mesmos padr\u00f5es legais para a prote\u00e7\u00e3o de seus dados pessoais. Se transferirmos seus dados pessoais para pa\u00edses fora do seu pa\u00eds, tomaremos as medidas necess\u00e1rias para garantir que suas informa\u00e7\u00f5es recebam um n\u00edvel adequado de prote\u00e7\u00e3o de seguran\u00e7a onde s\u00e3o processadas e que seus direitos continuem a ser protegidos. Se desejar receber mais informa\u00e7\u00f5es sobre as salvaguardas que implementamos, entre em contato conosco.<\/p><h2>Exerc\u00edcio dos direitos do titular dos dados<\/h2><p>Se voc\u00ea \u00e9 residente de uma jurisdi\u00e7\u00e3o que permite o exerc\u00edcio de certos direitos previstos pela lei aplic\u00e1vel, voc\u00ea pode exercer os direitos descritos acima entrando em contato conosco conforme indicado na se\u00e7\u00e3o \u201cInforma\u00e7\u00f5es de Contato\u201d abaixo. Se voc\u00ea discordar da nossa recusa de um pedido, voc\u00ea pode apelar da nossa decis\u00e3o entrando em contato conosco com o assunto \u201cRecurso\u201d. Observe que, conforme exigido por lei, solicitaremos que voc\u00ea comprove sua identidade. Podemos verificar sua identidade por chamada telef\u00f4nica ou e-mail. Dependendo do seu pedido, solicitaremos informa\u00e7\u00f5es como seu nome, o \u00faltimo item que voc\u00ea comprou de n\u00f3s ou a data da sua \u00faltima compra de n\u00f3s. Tamb\u00e9m podemos solicitar que voc\u00ea forne\u00e7a uma declara\u00e7\u00e3o assinada confirmando sua identidade. Ap\u00f3s a solicita\u00e7\u00e3o, faremos esfor\u00e7os razo\u00e1veis para fornecer, corrigir ou excluir informa\u00e7\u00f5es pessoais sobre voc\u00ea em nossos arquivos. Em algumas circunst\u00e2ncias, voc\u00ea pode designar um agente autorizado para enviar solicita\u00e7\u00f5es para exercer certos direitos de privacidade em seu nome. Se voc\u00ea \u00e9 um agente autorizado enviando uma solicita\u00e7\u00e3o em nome de um indiv\u00edduo, voc\u00ea deve anexar uma c\u00f3pia de um Formul\u00e1rio de Designa\u00e7\u00e3o de Agente Autorizado preenchido, indicando que voc\u00ea \u00e9 capaz de agir em nome de outra pessoa.<\/p><h2>Informa\u00e7\u00f5es de Contato<\/h2><p>Se voc\u00ea tiver alguma d\u00favida ou sugest\u00e3o sobre o processamento de dados pessoais,<br \/>entre em contato conosco usando o formul\u00e1rio de contato aqui,<br \/>ou por e-mail em <a href=\"mailto:support@propaccount.com\">support@propaccount.com<\/a>.\u00a0<\/p>\t\t\t\t\t\t\t\t<\/div>\n\t\t\t\t<\/div>\n\t\t\t\t\t<\/div>\n\t\t\t\t<\/div>\n\t\t<div class=\"elementor-element elementor-element-36a9ec2 e-flex e-con-boxed e-con e-parent\" data-id=\"36a9ec2\" data-element_type=\"container\" data-e-type=\"container\">\n\t\t\t\t\t<div class=\"e-con-inner\">\n\t\t\t\t<div class=\"elementor-element elementor-element-7283f71d elementor-widget elementor-widget-html\" data-id=\"7283f71d\" data-element_type=\"widget\" data-e-type=\"widget\" data-widget_type=\"html.default\">\n\t\t\t\t<div class=\"elementor-widget-container\">\n\t\t\t\t\t<ul id=\"language-dropdown\" class=\"lang-list lang-dropdown\" data-no-translation><li><a href=\"https:\/\/propaccount.com\/pt\/wp-json\/wp\/v2\/pages\/2497\">English<\/a><\/li><li><a href=\"https:\/\/propaccount.com\/pt\/wp-json\/wp\/v2\/pages\/2497\">Spanish<\/a><\/li><li><a href=\"https:\/\/propaccount.com\/pt\/wp-json\/wp\/v2\/pages\/2497\">Portuguese<\/a><\/li><li><a href=\"https:\/\/propaccount.com\/pt\/wp-json\/wp\/v2\/pages\/2497\">French<\/a><\/li><li><a href=\"https:\/\/propaccount.com\/pt\/wp-json\/wp\/v2\/pages\/2497\">Arabic<\/a><\/li><li><a href=\"https:\/\/propaccount.com\/pt\/wp-json\/wp\/v2\/pages\/2497\">Chinese<\/a><\/li><li><a href=\"https:\/\/propaccount.com\/pt\/wp-json\/wp\/v2\/pages\/2497\">Japanese<\/a><\/li><li><a href=\"https:\/\/propaccount.com\/pt\/wp-json\/wp\/v2\/pages\/2497\">Hebrew<\/a><\/li><li><a href=\"https:\/\/propaccount.com\/pt\/wp-json\/wp\/v2\/pages\/2497\">German<\/a><\/li><\/ul>\n\n<script>\nconst button = document.getElementById(\"language\");\nconst dropdown = document.getElementById(\"language-dropdown\");\n\nbutton.addEventListener(\"mouseenter\", function () {\n  dropdown.classList.add(\"show\");\n});\n\nbutton.addEventListener(\"mouseleave\", function () {\n  setTimeout(() => {\n    if (!dropdown.matches(\":hover\")) {\n      dropdown.classList.remove(\"show\");\n    }\n  }, 100);\n});\n\ndropdown.addEventListener(\"mouseleave\", function () {\n  dropdown.classList.remove(\"show\");\n});\n\n<\/script>\t\t\t\t<\/div>\n\t\t\t\t<\/div>\n\t\t\t\t<div class=\"elementor-element elementor-element-6c1b401a elementor-widget elementor-widget-html\" data-id=\"6c1b401a\" data-element_type=\"widget\" data-e-type=\"widget\" data-widget_type=\"html.default\">\n\t\t\t\t<div class=\"elementor-widget-container\">\n\t\t\t\t\t<script>\ndocument.addEventListener(\"DOMContentLoaded\", function () {\n\n  function fixTerms() {\n    document.querySelectorAll('.elementor-post-info__terms-list').forEach(el => {\n      const items = Array.from(el.querySelectorAll('.elementor-post-info__terms-list-item'));\n\n      \/\/ ukloni \"News\"\n      items.forEach(item => {\n        if (item.textContent.trim() === 'News') {\n          item.remove();\n        }\n      });\n\n      \/\/ ukloni text node-ove (zareze)\n      Array.from(el.childNodes).forEach(node => {\n        if (node.nodeType === 3) {\n          if (node.textContent.trim() === ',' || node.textContent.trim() === '') {\n            node.remove();\n          }\n        }\n      });\n\n      \/\/ ponovo dodaj separator ako treba\n      const remaining = el.querySelectorAll('.elementor-post-info__terms-list-item');\n\n      if (remaining.length > 1) {\n        el.innerHTML = '';\n        remaining.forEach((item, index) => {\n          el.appendChild(item);\n          if (index < remaining.length - 1) {\n            el.appendChild(document.createTextNode(', '));\n          }\n        });\n      }\n    });\n  }\n\n  \/\/ pokreni odmah\n  fixTerms();\n\n  \/\/ \ud83e\udde0 bitno: pokreni opet ako Elementor reloaduje sadr\u017eaj\n  const observer = new MutationObserver(() => {\n    fixTerms();\n  });\n\n  observer.observe(document.body, {\n    childList: true,\n    subtree: true\n  });\n\n});\n<\/script>\t\t\t\t<\/div>\n\t\t\t\t<\/div>\n\t\t\t\t\t<\/div>\n\t\t\t\t<\/div>\n\t\t\t\t<\/div>","protected":false},"excerpt":{"rendered":"<p>Privacy Policy The Prop Account Group of Companies (Prop Account, LLC, Prop Account LC, Prop Account LTD, CRM Solutions LC, [&hellip;]<\/p>\n","protected":false},"author":1,"featured_media":0,"parent":0,"menu_order":0,"comment_status":"closed","ping_status":"closed","template":"","meta":{"_acf_changed":false,"inline_featured_image":false,"site-sidebar-layout":"no-sidebar","site-content-layout":"","ast-site-content-layout":"full-width-container","site-content-style":"default","site-sidebar-style":"default","ast-global-header-display":"","ast-banner-title-visibility":"","ast-main-header-display":"","ast-hfb-above-header-display":"","ast-hfb-below-header-display":"","ast-hfb-mobile-header-display":"","site-post-title":"disabled","ast-breadcrumbs-content":"","ast-featured-img":"disabled","footer-sml-layout":"","ast-disable-related-posts":"","theme-transparent-header-meta":"","adv-header-id-meta":"","stick-header-meta":"","header-above-stick-meta":"","header-main-stick-meta":"","header-below-stick-meta":"","astra-migrate-meta-layouts":"default","ast-page-background-enabled":"default","ast-page-background-meta":{"desktop":{"background-color":"var(--ast-global-color-4)","background-image":"","background-repeat":"repeat","background-position":"center center","background-size":"auto","background-attachment":"scroll","background-type":"","background-media":"","overlay-type":"","overlay-color":"","overlay-opacity":"","overlay-gradient":""},"tablet":{"background-color":"","background-image":"","background-repeat":"repeat","background-position":"center center","background-size":"auto","background-attachment":"scroll","background-type":"","background-media":"","overlay-type":"","overlay-color":"","overlay-opacity":"","overlay-gradient":""},"mobile":{"background-color":"","background-image":"","background-repeat":"repeat","background-position":"center center","background-size":"auto","background-attachment":"scroll","background-type":"","background-media":"","overlay-type":"","overlay-color":"","overlay-opacity":"","overlay-gradient":""}},"ast-content-background-meta":{"desktop":{"background-color":"var(--ast-global-color-5)","background-image":"","background-repeat":"repeat","background-position":"center center","background-size":"auto","background-attachment":"scroll","background-type":"","background-media":"","overlay-type":"","overlay-color":"","overlay-opacity":"","overlay-gradient":""},"tablet":{"background-color":"var(--ast-global-color-5)","background-image":"","background-repeat":"repeat","background-position":"center center","background-size":"auto","background-attachment":"scroll","background-type":"","background-media":"","overlay-type":"","overlay-color":"","overlay-opacity":"","overlay-gradient":""},"mobile":{"background-color":"var(--ast-global-color-5)","background-image":"","background-repeat":"repeat","background-position":"center center","background-size":"auto","background-attachment":"scroll","background-type":"","background-media":"","overlay-type":"","overlay-color":"","overlay-opacity":"","overlay-gradient":""}},"footnotes":""},"class_list":["post-2497","page","type-page","status-publish","hentry"],"acf":[],"_links":{"self":[{"href":"https:\/\/propaccount.com\/pt\/wp-json\/wp\/v2\/pages\/2497","targetHints":{"allow":["GET"]}}],"collection":[{"href":"https:\/\/propaccount.com\/pt\/wp-json\/wp\/v2\/pages"}],"about":[{"href":"https:\/\/propaccount.com\/pt\/wp-json\/wp\/v2\/types\/page"}],"author":[{"embeddable":true,"href":"https:\/\/propaccount.com\/pt\/wp-json\/wp\/v2\/users\/1"}],"replies":[{"embeddable":true,"href":"https:\/\/propaccount.com\/pt\/wp-json\/wp\/v2\/comments?post=2497"}],"version-history":[{"count":0,"href":"https:\/\/propaccount.com\/pt\/wp-json\/wp\/v2\/pages\/2497\/revisions"}],"wp:attachment":[{"href":"https:\/\/propaccount.com\/pt\/wp-json\/wp\/v2\/media?parent=2497"}],"curies":[{"name":"wp","href":"https:\/\/api.w.org\/{rel}","templated":true}]}}