{"id":2491,"date":"2025-12-17T12:20:17","date_gmt":"2025-12-17T11:20:17","guid":{"rendered":"https:\/\/newpropaccdev.wpenginepowered.com\/?page_id=2491"},"modified":"2026-04-14T11:52:02","modified_gmt":"2026-04-14T09:52:02","slug":"terms-and-conditions","status":"publish","type":"page","link":"https:\/\/propaccount.com\/fr\/terms-and-conditions\/","title":{"rendered":"Conditions G\u00e9n\u00e9rales"},"content":{"rendered":"<div data-elementor-type=\"wp-page\" data-elementor-id=\"2491\" class=\"elementor elementor-2491\" data-elementor-post-type=\"page\">\n\t\t\t\t<div class=\"elementor-element elementor-element-460416f0 e-flex e-con-boxed e-con e-parent\" data-id=\"460416f0\" data-element_type=\"container\" data-e-type=\"container\" data-settings=\"{&quot;background_background&quot;:&quot;gradient&quot;}\">\n\t\t\t\t\t<div class=\"e-con-inner\">\n\t\t\t\t<div class=\"elementor-element elementor-element-7eb5efae elementor-widget elementor-widget-heading\" data-id=\"7eb5efae\" data-element_type=\"widget\" data-e-type=\"widget\" data-widget_type=\"heading.default\">\n\t\t\t\t<div class=\"elementor-widget-container\">\n\t\t\t\t\t<h1 class=\"elementor-heading-title elementor-size-default\">Conditions G\u00e9n\u00e9rales<\/h1>\t\t\t\t<\/div>\n\t\t\t\t<\/div>\n\t\t\t\t\t<\/div>\n\t\t\t\t<\/div>\n\t\t<div class=\"elementor-element elementor-element-55af572 e-flex e-con-boxed e-con e-parent\" data-id=\"55af572\" data-element_type=\"container\" data-e-type=\"container\">\n\t\t\t\t\t<div class=\"e-con-inner\">\n\t\t\t\t<div class=\"elementor-element elementor-element-ef296c8 gradient-heading-for-text elementor-widget elementor-widget-text-editor\" data-id=\"ef296c8\" data-element_type=\"widget\" data-e-type=\"widget\" data-widget_type=\"text-editor.default\">\n\t\t\t\t<div class=\"elementor-widget-container\">\n\t\t\t\t\t\t\t\t\t<p>Les conditions g\u00e9n\u00e9rales d'utilisation \u00e9nonc\u00e9es ci-dessous s'appliquent \u00e0 ce site web (collectivement, le \u201c Site \u201d). Veuillez lire attentivement ces conditions g\u00e9n\u00e9rales avant d'utiliser le Site. En utilisant ce Site, vous reconnaissez avoir lu, compris et accept\u00e9 les conditions g\u00e9n\u00e9rales d'utilisation. Si vous n'acceptez pas ces conditions g\u00e9n\u00e9rales d'utilisation, vous ne pouvez pas acc\u00e9der au Site ni l'utiliser. Le groupe de soci\u00e9t\u00e9s Prop Account (Prop Account, LLC, Prop Account LC, Prop Account LTD, CRM Solutions LC, collectivement D\/B\/A \u2018Prop Account\u2019) se r\u00e9serve le droit, \u00e0 sa discr\u00e9tion, de modifier, d'ajouter ou de supprimer des parties de ces conditions \u00e0 tout moment. Par cons\u00e9quent, nous vous sugg\u00e9rons de consulter ces conditions p\u00e9riodiquement pour prendre connaissance des changements. En utilisant notre Site apr\u00e8s que nous ayons publi\u00e9 des modifications \u00e0 ces conditions g\u00e9n\u00e9rales d'utilisation, vous acceptez d'\u00eatre li\u00e9 par ces conditions.<\/p><h2>Questions de Juridiction<\/h2><p>Les utilisateurs de ce Site sont responsables du respect de toutes les lois et r\u00e9glementations applicables dans leurs juridictions respectives avant de proc\u00e9der \u00e0 l'acc\u00e8s aux informations contenues dans les pr\u00e9sentes. Les informations fournies ou accessibles via le Site ne sont pas destin\u00e9es \u00e0 \u00eatre distribu\u00e9es ou utilis\u00e9es par toute personne ou entit\u00e9 dans une juridiction ou un pays o\u00f9 une telle distribution ou utilisation serait contraire \u00e0 la loi ou \u00e0 la r\u00e9glementation ou qui soumettrait la Soci\u00e9t\u00e9 \u00e0 toute exigence d'enregistrement ou autre au sein de cette juridiction ou de ce pays. PropAccount se r\u00e9serve le droit de limiter l'acc\u00e8s au Site \u00e0 toute personne, r\u00e9gion g\u00e9ographique ou juridiction. En acc\u00e9dant aux informations, vous \u00eates r\u00e9put\u00e9 avoir d\u00e9clar\u00e9 et garanti que les lois et r\u00e9glementations applicables de votre juridiction pertinente vous permettent de le faire.<\/p><h2>Pas d'Offre, de Recommandation ou de Sollicitation<\/h2><p>Aucune des informations contenues sur ce Site ne constitue une recommandation, une sollicitation ou une offre de la part de Prop Account ou de ses affili\u00e9s pour acheter ou vendre des titres, des contrats \u00e0 terme, des options ou d'autres instruments financiers, ni pour fournir des conseils ou des services d'investissement. Ni Prop Account ni aucun de ses affili\u00e9s n'est, ou ne s'attend \u00e0 \u00eatre, enregistr\u00e9 en tant que soci\u00e9t\u00e9 d'investissement en vertu de la loi am\u00e9ricaine sur les soci\u00e9t\u00e9s d'investissement de 1940, telle que modifi\u00e9e (l\u201c\u201d Investment Company Act \u00bb), et les investisseurs n'auront pas droit aux avantages de l'Investment Company Act.<\/p><h2>Risque d'Investissement<\/h2><p>Tout investissement est soumis \u00e0 des risques. La valeur des titres peut aussi bien baisser qu'augmenter. Les performances pass\u00e9es ne garantissent pas les rendements futurs et il n'y a aucune garantie que le prix du march\u00e9 des titres refl\u00e9tera pleinement leur valeur liquidative sous-jacente. Les informations contenues dans ce Site ont \u00e9t\u00e9 pr\u00e9par\u00e9es sans r\u00e9f\u00e9rence aux exigences d'investissement ou \u00e0 la situation financi\u00e8re d'un utilisateur particulier. Certaines transactions comportent un risque substantiel et ne conviennent pas \u00e0 tous les investisseurs. Les prix et autres informations g\u00e9n\u00e9r\u00e9es par l'utilisation des donn\u00e9es ou services mis \u00e0 disposition ici peuvent ne pas refl\u00e9ter les prix ou valeurs r\u00e9els qui seraient disponibles sur le march\u00e9 au moment de la fourniture ou au moment o\u00f9 l'utilisateur pourrait vouloir acheter ou vendre un titre ou un autre instrument particulier. Certaines d\u00e9clarations sur le Site refl\u00e8tent les points de vue, estimations, opinions ou pr\u00e9visions de la Soci\u00e9t\u00e9 (qui peuvent \u00eatre bas\u00e9s sur des mod\u00e8les et des hypoth\u00e8ses propri\u00e9taires, y compris, en particulier, ses points de vue sur le march\u00e9 actuel et futur des instruments financiers), et il n'y a aucune garantie que ces points de vue, estimations, opinions ou pr\u00e9visions soient actuellement exacts ou qu'ils se r\u00e9aliseront finalement. Ni Prop Account, ni aucun de ses affili\u00e9s, actionnaires, partenaires, membres, administrateurs, dirigeants, gestionnaires, employ\u00e9s ou repr\u00e9sentants respectifs ne fait de d\u00e9claration ou de garantie, expresse ou implicite, quant \u00e0 l'exactitude ou l'exhaustivit\u00e9 des informations contenues sur ce Site. Chacune des parties susmentionn\u00e9es d\u00e9cline express\u00e9ment toute responsabilit\u00e9 li\u00e9e \u00e0 ou r\u00e9sultant de l'utilisation des informations sur ce Site.<\/p><h2>D\u00e9clarations Prospectives<\/h2><p>Rien sur ce Site ne constitue, ou ne doit \u00eatre consid\u00e9r\u00e9 comme, une promesse ou une repr\u00e9sentation quant \u00e0 l'avenir. Ce Site contient des d\u00e9clarations prospectives, qui refl\u00e8tent les points de vue de la Soci\u00e9t\u00e9 ou de l'un de leurs affili\u00e9s respectifs concernant, entre autres, les op\u00e9rations de la Soci\u00e9t\u00e9. Les investisseurs peuvent identifier ces d\u00e9clarations prospectives par l'utilisation de mots tels que \u201c croire \u201d, \u201c s'attendre \u00e0 \u201d, \u201c potentiel \u201d, \u201c continuer \u201d, \u201c peut \u201d, \u201c sera \u201d, \u201c devrait \u201d, \u201c chercher \u201d, \u201c approximativement \u201d, \u201c pr\u00e9dire \u201d, \u201c avoir l'intention de \u201d, \u201c planifier \u201d, \u201c estimer \u201d, \u201c anticiper \u201d ou d'autres mots comparables. Ces d\u00e9clarations prospectives sont soumises \u00e0 divers risques, incertitudes et hypoth\u00e8ses. En cons\u00e9quence, il existe ou existera des facteurs importants qui pourraient faire en sorte que les r\u00e9sultats r\u00e9els diff\u00e8rent mat\u00e9riellement de ceux indiqu\u00e9s dans ces d\u00e9clarations. Si l'une des hypoth\u00e8ses sous-jacentes aux d\u00e9clarations prospectives contenues sur ce Site s'av\u00e9rait incorrecte, les r\u00e9sultats r\u00e9els pourraient diff\u00e9rer mat\u00e9riellement des r\u00e9sultats projet\u00e9s dans ces d\u00e9clarations. Prop Account ou l'un de ses affili\u00e9s respectifs n'assume aucune obligation de mettre \u00e0 jour ou de r\u00e9viser toute d\u00e9claration prospective, que ce soit en raison de nouvelles informations, de d\u00e9veloppements futurs ou autrement, sauf si requis par la loi ou la r\u00e9glementation applicable.<\/p><h2>Loi Applicable et Consentement \u00e0 la Juridiction<\/h2><p>Ces conditions et votre utilisation du Site seront r\u00e9gies par les lois des \u00c9tats-Unis d'Am\u00e9rique et de l'\u00c9tat de Floride, sans \u00e9gard \u00e0 ses principes de conflits de lois. Toute action ou proc\u00e9dure judiciaire li\u00e9e \u00e0 ce Site sera port\u00e9e exclusivement devant un tribunal f\u00e9d\u00e9ral ou d'\u00c9tat de juridiction comp\u00e9tente si\u00e9geant en Floride.<\/p><h2>Pas de Confiance<\/h2><p>Bien que la Soci\u00e9t\u00e9 ait pris toutes les pr\u00e9cautions raisonnables pour s'assurer que les informations contenues sur ce Site sont exactes, aucune d\u00e9claration ou garantie (y compris la responsabilit\u00e9 envers les tiers), expresse ou implicite, n'est faite quant \u00e0 leur exactitude, leur fiabilit\u00e9 ou leur exhaustivit\u00e9 par Prop Account ou ses affili\u00e9s. Les opinions et tout autre contenu exprim\u00e9s sur ce Site sont fournis pour votre usage personnel et \u00e0 des fins d'information uniquement et sont sujets \u00e0 modification sans pr\u00e9avis. Rien de ce qui est contenu sur ce Site ne constitue un conseil en investissement, juridique, fiscal ou autre et ne doit pas \u00eatre invoqu\u00e9 pour prendre une d\u00e9cision d'investissement ou autre. Vous devriez obtenir des conseils professionnels pertinents et sp\u00e9cifiques avant de prendre toute d\u00e9cision d'investissement.<\/p><h2>Pas de Garantie<\/h2><p>Les mat\u00e9riaux du Site sont fournis \u201c TELS QUELS \u201d et sans garanties d'aucune sorte, expresses ou implicites, dans toute la mesure permise par la loi applicable. Prop Account n'assume en outre aucune responsabilit\u00e9 et ne donne aucune garantie que les informations et les fournitures contenues sur ce Site seront ininterrompues ou exemptes d'erreurs, que les d\u00e9fauts seront corrig\u00e9s, ou que ce Site ou les serveurs qui le rendent disponible seront exempts de virus ou d'autres composants nuisibles.<\/p><h2>Clause de non-responsabilit\u00e9<\/h2><p>Vous acceptez que, en aucun cas, y compris, mais sans s'y limiter, la n\u00e9gligence, Prop Account ou tout tiers ayant fourni des informations contenues sur ce Site ou l'une de leurs filiales respectives ne soient responsables des dommages directs, sp\u00e9ciaux ou cons\u00e9cutifs r\u00e9sultant de l'acc\u00e8s ou de l'utilisation, ou de l'incapacit\u00e9 d'acc\u00e9der ou d'utiliser, les mat\u00e9riaux de ce Site.<\/p><h2>Sites li\u00e9s et m\u00e9dias sociaux<\/h2><p>Ce Site fournit des liens vers d'autres sites web que nous pensons susceptibles d'int\u00e9resser nos utilisateurs. Veuillez noter que lorsque vous cliquez sur l'un de ces liens, vous pouvez \u00eatre redirig\u00e9 vers le site web d'un autre fournisseur. Ces sites li\u00e9s et leurs fournisseurs ne sont pas contr\u00f4l\u00e9s par nous, et nous ne sommes pas responsables du contenu ou du bon fonctionnement de tout site li\u00e9. L'inclusion d'un lien n'implique pas notre approbation ou notre adoption des d\u00e9clarations qui y figurent. Nous vous encourageons \u00e0 lire les conditions d'utilisation et les d\u00e9clarations de confidentialit\u00e9 de ces sites li\u00e9s, car leurs politiques peuvent diff\u00e9rer des n\u00f4tres. Nous pouvons maintenir une pr\u00e9sence sur et cr\u00e9er des liens vers des sites web de m\u00e9dias sociaux, y compris LinkedIn, X, Instagram, et d'autres (collectivement, les \u201cPages de m\u00e9dias sociaux\u201d), afin de fournir un lieu o\u00f9 les gens peuvent en apprendre davantage sur nous et nos services et partager des exp\u00e9riences avec nos services. Lorsque vous visitez ces Pages de m\u00e9dias sociaux, vous n'\u00eates plus sur notre Plateforme, mais plut\u00f4t sur un site web exploit\u00e9 par un tiers. Tous les commentaires, visuels et autres mat\u00e9riaux publi\u00e9s par les visiteurs de nos Pages de m\u00e9dias sociaux ne refl\u00e8tent pas n\u00e9cessairement nos opinions, valeurs ou id\u00e9es. Tous les visiteurs de nos Pages de m\u00e9dias sociaux doivent se conformer aux conditions d'utilisation de la plateforme de m\u00e9dias sociaux respective.<\/p><h2>Autre<\/h2><p>Ce Site fournit des liens vers d'autres sites web que nous pensons susceptibles d'int\u00e9resser nos utilisateurs. Veuillez noter que lorsque vous cliquez sur l'un de ces liens, vous pouvez \u00eatre redirig\u00e9 vers le site web d'un autre fournisseur. Ces sites li\u00e9s et leurs fournisseurs ne sont pas contr\u00f4l\u00e9s par nous, et nous ne sommes pas responsables du contenu ou du bon fonctionnement de tout site li\u00e9. L'inclusion d'un lien n'implique pas notre approbation ou notre adoption des d\u00e9clarations qui y figurent. Nous vous encourageons \u00e0 lire les conditions d'utilisation et les d\u00e9clarations de confidentialit\u00e9 de ces sites li\u00e9s, car leurs politiques peuvent diff\u00e9rer des n\u00f4tres. Nous pouvons maintenir une pr\u00e9sence sur et cr\u00e9er des liens vers des sites web de m\u00e9dias sociaux, y compris LinkedIn, X, Instagram, et d'autres (collectivement, les \u201cPages de m\u00e9dias sociaux\u201d), afin de fournir un lieu o\u00f9 les gens peuvent en apprendre davantage sur nous et nos services et partager des exp\u00e9riences avec nos services. Lorsque vous visitez ces Pages de m\u00e9dias sociaux, vous n'\u00eates plus sur notre Plateforme, mais plut\u00f4t sur un site web exploit\u00e9 par un tiers. Tous les commentaires, visuels et autres mat\u00e9riaux publi\u00e9s par les visiteurs de nos Pages de m\u00e9dias sociaux ne refl\u00e8tent pas n\u00e9cessairement nos opinions, valeurs ou id\u00e9es. Tous les visiteurs de nos Pages de m\u00e9dias sociaux doivent se conformer aux conditions d'utilisation de la plateforme de m\u00e9dias sociaux respective.<\/p><h2>Droits de propri\u00e9t\u00e9<\/h2><p>Sauf indication contraire expresse, toutes les informations et tous les mat\u00e9riaux, y compris, sans limitation, les images, illustrations, designs, ic\u00f4nes, photographies, clips vid\u00e9o, et les mat\u00e9riaux \u00e9crits et autres, qui font partie du Site sont des droits d'auteur, marques de commerce, marques de service, noms commerciaux, habillages commerciaux et\/ou autres propri\u00e9t\u00e9s intellectuelles d\u00e9tenus, contr\u00f4l\u00e9s ou sous licence par la Soci\u00e9t\u00e9. Aucun mat\u00e9riel du Site ne peut \u00eatre copi\u00e9, reproduit, republi\u00e9, t\u00e9l\u00e9charg\u00e9, affich\u00e9, transmis ou distribu\u00e9 de quelque mani\u00e8re que ce soit ; \u00e0 condition, toutefois, que vous puissiez t\u00e9l\u00e9charger, l\u00e0 o\u00f9 cela est sp\u00e9cifiquement autoris\u00e9, une copie des mat\u00e9riaux sur un seul ordinateur pour votre usage personnel et non commercial uniquement, \u00e0 condition de conserver intactes et d'afficher correctement toutes les mentions de droit d'auteur et autres avis de propri\u00e9t\u00e9. Vous ne pouvez pas distribuer, modifier, transmettre, r\u00e9utiliser, republier ou utiliser le contenu du Site, y compris, sans limitation, tout texte, images, audio et vid\u00e9o, \u00e0 des fins publiques ou commerciales sans l'autorisation \u00e9crite de Prop Account. La modification ou l'utilisation des informations ou des mat\u00e9riaux \u00e0 toute autre fin violera les droits d'auteur et\/ou les droits de propri\u00e9t\u00e9 intellectuelle de la Soci\u00e9t\u00e9. En outre, la Soci\u00e9t\u00e9 ne traitera pas les utilisateurs de ce Site comme ses clients du fait de leur acc\u00e8s \u00e0 ce Site.<\/p><h2>Questions r\u00e9glementaires<\/h2><p>Le USA Patriot Act et d'autres r\u00e8gles et r\u00e9glementations applicables nous obligent \u00e0 obtenir, v\u00e9rifier et enregistrer des informations pour identifier chaque entit\u00e9 ou individu qui entre en relation commerciale avec nous. Nous pouvons vous demander votre adresse, votre num\u00e9ro d'identification, des documents d'entreprise ou d'autres informations d'identification pour nous aider \u00e0 v\u00e9rifier votre identit\u00e9. Nous pouvons utiliser une source tierce pour confirmer les informations que vous nous fournissez.<\/p><h2>Contact<\/h2><p>Si vous avez des questions, veuillez nous contacter en utilisant le formulaire de contact ici ou<br \/>par e-mail \u00e0 <a href=\"mailto:support@propaccount.com\">support@propaccount.com<\/a>.<br \/>Date : 6 mars 2025<\/p>\t\t\t\t\t\t\t\t<\/div>\n\t\t\t\t<\/div>\n\t\t\t\t\t<\/div>\n\t\t\t\t<\/div>\n\t\t\t\t<\/div>","protected":false},"excerpt":{"rendered":"<p>Terms and Conditions The terms and conditions of use set forth below apply to this website (collectively, the \u201cSite\u201d). Please [&hellip;]<\/p>\n","protected":false},"author":1,"featured_media":0,"parent":0,"menu_order":0,"comment_status":"closed","ping_status":"closed","template":"","meta":{"_acf_changed":false,"inline_featured_image":false,"site-sidebar-layout":"no-sidebar","site-content-layout":"","ast-site-content-layout":"full-width-container","site-content-style":"default","site-sidebar-style":"default","ast-global-header-display":"","ast-banner-title-visibility":"","ast-main-header-display":"","ast-hfb-above-header-display":"","ast-hfb-below-header-display":"","ast-hfb-mobile-header-display":"","site-post-title":"disabled","ast-breadcrumbs-content":"","ast-featured-img":"disabled","footer-sml-layout":"","ast-disable-related-posts":"","theme-transparent-header-meta":"","adv-header-id-meta":"","stick-header-meta":"","header-above-stick-meta":"","header-main-stick-meta":"","header-below-stick-meta":"","astra-migrate-meta-layouts":"default","ast-page-background-enabled":"default","ast-page-background-meta":{"desktop":{"background-color":"var(--ast-global-color-4)","background-image":"","background-repeat":"repeat","background-position":"center center","background-size":"auto","background-attachment":"scroll","background-type":"","background-media":"","overlay-type":"","overlay-color":"","overlay-opacity":"","overlay-gradient":""},"tablet":{"background-color":"","background-image":"","background-repeat":"repeat","background-position":"center center","background-size":"auto","background-attachment":"scroll","background-type":"","background-media":"","overlay-type":"","overlay-color":"","overlay-opacity":"","overlay-gradient":""},"mobile":{"background-color":"","background-image":"","background-repeat":"repeat","background-position":"center center","background-size":"auto","background-attachment":"scroll","background-type":"","background-media":"","overlay-type":"","overlay-color":"","overlay-opacity":"","overlay-gradient":""}},"ast-content-background-meta":{"desktop":{"background-color":"var(--ast-global-color-5)","background-image":"","background-repeat":"repeat","background-position":"center center","background-size":"auto","background-attachment":"scroll","background-type":"","background-media":"","overlay-type":"","overlay-color":"","overlay-opacity":"","overlay-gradient":""},"tablet":{"background-color":"var(--ast-global-color-5)","background-image":"","background-repeat":"repeat","background-position":"center center","background-size":"auto","background-attachment":"scroll","background-type":"","background-media":"","overlay-type":"","overlay-color":"","overlay-opacity":"","overlay-gradient":""},"mobile":{"background-color":"var(--ast-global-color-5)","background-image":"","background-repeat":"repeat","background-position":"center center","background-size":"auto","background-attachment":"scroll","background-type":"","background-media":"","overlay-type":"","overlay-color":"","overlay-opacity":"","overlay-gradient":""}},"footnotes":""},"class_list":["post-2491","page","type-page","status-publish","hentry"],"acf":[],"_links":{"self":[{"href":"https:\/\/propaccount.com\/fr\/wp-json\/wp\/v2\/pages\/2491","targetHints":{"allow":["GET"]}}],"collection":[{"href":"https:\/\/propaccount.com\/fr\/wp-json\/wp\/v2\/pages"}],"about":[{"href":"https:\/\/propaccount.com\/fr\/wp-json\/wp\/v2\/types\/page"}],"author":[{"embeddable":true,"href":"https:\/\/propaccount.com\/fr\/wp-json\/wp\/v2\/users\/1"}],"replies":[{"embeddable":true,"href":"https:\/\/propaccount.com\/fr\/wp-json\/wp\/v2\/comments?post=2491"}],"version-history":[{"count":0,"href":"https:\/\/propaccount.com\/fr\/wp-json\/wp\/v2\/pages\/2491\/revisions"}],"wp:attachment":[{"href":"https:\/\/propaccount.com\/fr\/wp-json\/wp\/v2\/media?parent=2491"}],"curies":[{"name":"wp","href":"https:\/\/api.w.org\/{rel}","templated":true}]}}