{"id":2497,"date":"2025-12-17T12:20:41","date_gmt":"2025-12-17T11:20:41","guid":{"rendered":"https:\/\/newpropaccdev.wpenginepowered.com\/?page_id=2497"},"modified":"2026-04-14T11:51:36","modified_gmt":"2026-04-14T09:51:36","slug":"privacy-policy","status":"publish","type":"page","link":"https:\/\/propaccount.com\/de\/privacy-policy\/","title":{"rendered":"Datenschutzerkl\u00e4rung"},"content":{"rendered":"<div data-elementor-type=\"wp-page\" data-elementor-id=\"2497\" class=\"elementor elementor-2497\" data-elementor-post-type=\"page\">\n\t\t\t\t<div class=\"elementor-element elementor-element-7531cbc6 e-flex e-con-boxed e-con e-parent\" data-id=\"7531cbc6\" data-element_type=\"container\" data-e-type=\"container\" data-settings=\"{&quot;background_background&quot;:&quot;gradient&quot;}\">\n\t\t\t\t\t<div class=\"e-con-inner\">\n\t\t\t\t<div class=\"elementor-element elementor-element-dc7f7e0 elementor-widget elementor-widget-heading\" data-id=\"dc7f7e0\" data-element_type=\"widget\" data-e-type=\"widget\" data-widget_type=\"heading.default\">\n\t\t\t\t<div class=\"elementor-widget-container\">\n\t\t\t\t\t<h1 class=\"elementor-heading-title elementor-size-default\">Datenschutzerkl\u00e4rung<\/h1>\t\t\t\t<\/div>\n\t\t\t\t<\/div>\n\t\t\t\t\t<\/div>\n\t\t\t\t<\/div>\n\t\t<div class=\"elementor-element elementor-element-8d84394 e-flex e-con-boxed e-con e-parent\" data-id=\"8d84394\" data-element_type=\"container\" data-e-type=\"container\">\n\t\t\t\t\t<div class=\"e-con-inner\">\n\t\t\t\t<div class=\"elementor-element elementor-element-91f37f2 gradient-heading-for-text elementor-widget elementor-widget-text-editor\" data-id=\"91f37f2\" data-element_type=\"widget\" data-e-type=\"widget\" data-widget_type=\"text-editor.default\">\n\t\t\t\t<div class=\"elementor-widget-container\">\n\t\t\t\t\t\t\t\t\t<div class=\"page-text\">Die Prop Account Unternehmensgruppe (Prop Account, LLC, Prop Account LC, Prop Account LTD, CRM Solutions LC, gemeinsam D\/B\/A \u2018PropAccount\u201c) ist der f\u00fcr personenbezogene Daten verantwortliche Datencontroller und der alleinige Eigent\u00fcmer unserer Websites (\u201dWebsite\u201c), Desktop-Anwendungen, Prop Account Group-Dienste (jeder ein \u201dDienst\u201c) und aller darauf gesammelten Informationen. Wir sammeln Informationen von Nutzern auf verschiedene Weisen (ausf\u00fchrlich in dieser Datenschutzrichtlinie erl\u00e4utert). Wenn Sie Hilfe beim Anzeigen dieser Datenschutzrichtlinie ben\u00f6tigen, kontaktieren Sie uns bitte \u00fcber die Kontaktinformationen am Ende dieser Datenschutzrichtlinie. Diese Datenschutzrichtlinie gilt f\u00fcr personenbezogene Daten, die wir von Ihnen erfassen, wenn Sie diese Website besuchen, ein Konto erstellen, unsere Anwendungen oder Dienste nutzen (wobei \u201dSie\u201c oder \u201dIhr\u201c entsprechend interpretiert wird). Sie enth\u00e4lt Informationen dar\u00fcber, welche personenbezogenen Daten wir erfassen, warum wir personenbezogene Daten erfassen, wie sie verwendet werden, wie sie gespeichert werden und wie wir Informationen teilen. Im Sinne dieser Datenschutzrichtlinie bedeuten \u201dpersonenbezogene Daten\u201c oder \u201dpersonenbezogene Informationen\u201c alle Informationen, die sich auf Sie beziehen und anhand derer Sie identifiziert werden k\u00f6nnen.<\/div><h2 class=\"page-text\">Aktualisierungen<\/h2><div class=\"page-text\">Wir k\u00f6nnen diese Datenschutzrichtlinie nach unserem Ermessen von Zeit zu Zeit aktualisieren, indem wir eine neue Version auf unserer Website ver\u00f6ffentlichen. Sie sollten unsere Website gelegentlich \u00fcberpr\u00fcfen, um sicherzustellen, dass alle vorgenommenen \u00c4nderungen f\u00fcr Sie geeignet sind. Sofern nach geltendem Recht erforderlich, werden Sie \u00fcber wesentliche \u00c4nderungen an dieser Datenschutzrichtlinie informiert.<\/div><h2 class=\"page-text\">Personenbezogene Daten, die wir erfassen<\/h2><div class=\"page-text\">Wir erfassen Informationen \u00fcber Sie auf verschiedene Weisen, je nachdem, wie Sie mit uns und unseren Websites und Diensten interagieren, einschlie\u00dflich:<\/div><div>\u00a0<\/div><ul><li class=\"page-text\">Direkt von Ihnen, wenn Sie uns diese zur Verf\u00fcgung stellen, z. B. wenn Sie sich f\u00fcr ein Konto registrieren, sich f\u00fcr den Empfang von Mitteilungen von uns anmelden, eine Bestellung aufgeben\/einen Kauf t\u00e4tigen oder uns telefonisch, per E-Mail oder auf andere Weise kontaktieren.<\/li><li class=\"page-text\">Automatisch durch die Verwendung von Serverprotokollen und anderen \u00e4hnlichen Technologien, wenn Sie mit unseren Websites, Anzeigen und E-Mails interagieren.<\/li><li class=\"page-text\">Aus anderen Quellen, einschlie\u00dflich beispielsweise unserer verbundenen Unternehmen, Gesch\u00e4ftspartner, Dienstleister und anderer Dritter oder aus \u00f6ffentlich zug\u00e4nglichen Quellen. Wenn Sie beispielsweise eine Bewerbung einreichen oder Mitarbeiter werden, k\u00f6nnen wir eine Hintergrund\u00fcberpr\u00fcfung durchf\u00fchren.<\/li><\/ul><p>Im Folgenden finden Sie Beispiele f\u00fcr die Art von Informationen, die wir in verschiedenen Kontexten sammeln und wie wir diese Informationen verwenden.<\/p><div style=\"overflow-x: auto;\"><table width=\"1400\"><thead><tr><td><strong>Kontext<\/strong><\/td><td><strong>Arten von personenbezogenen Daten<\/strong><\/td><td><strong>Hauptzweck der Erfassung und Nutzung personenbezogener Daten<\/strong><\/td><\/tr><\/thead><tbody><tr><td><strong>Kontoregistrierung und Profilverwaltung<\/strong><\/td><td>Wir erfassen Ihren Namen und Ihre Kontaktdaten, einschlie\u00dflich Ihres Benutzernamens, wenn Sie ein Konto erstellen. Wir erfassen auch Informationen zu den Aktionen, die Sie ausf\u00fchren, w\u00e4hrend Sie in Ihrem Konto angemeldet sind.<\/td><td>Wir haben ein berechtigtes Interesse daran, unseren Nutzern konto bezogene Funktionalit\u00e4ten zur Verf\u00fcgung zu stellen. Konten k\u00f6nnen f\u00fcr einen einfachen Checkout und zum Speichern Ihrer Pr\u00e4ferenzen und Transaktionshistorie verwendet werden.<\/td><\/tr><tr><td><strong>Application Programming Interface (\u201cAPI\u201d) Dienste<\/strong><\/td><td>Wir erfassen verschiedene personenbezogene Daten, d.h. Name, Adresse, IP-Adresse, wenn Sie unsere API-Dienste nutzen.<\/td><td>Wir haben ein berechtigtes Interesse daran, API-Dienste, einschlie\u00dflich Support-Dienste, bereitzustellen.<\/td><\/tr><tr><td><strong>Kundeninformationen<\/strong><\/td><td>Wir k\u00f6nnen den Namen und die Kontaktinformationen unserer Kunden und deren Mitarbeiter erfassen, mit denen wir interagieren.<\/td><td>Wir haben ein berechtigtes Interesse daran, unsere Kunden zu kontaktieren und mit ihnen bez\u00fcglich der normalen Gesch\u00e4ftsverwaltung wie Projekte, Dienstleistungen und Abrechnungen zu kommunizieren.<\/td><\/tr><tr><td><strong>Ihre Nutzung unserer Website<\/strong><\/td><td>Wir k\u00f6nnen Technologien verwenden, um zu \u00fcberwachen, wie Sie mit unserer Website interagieren. Dies kann beinhalten, welche Links Sie anklicken oder welche Informationen Sie in unsere Online-Formulare eingeben. Einige dieser Technologien k\u00f6nnen \u201cCookies\u201d verwenden. Cookies sind kleine Informationsst\u00fccke, die eine Website an die Festplatte eines Computers sendet, w\u00e4hrend eine Website angesehen wird. Andere Arten von Daten, die wir verfolgen, umfassen Ihre IP-Adresse, die Website, die Sie auf unsere Website verwiesen hat, und Daten \u00fcber das Ger\u00e4t, das Sie zum Besuch unserer Website verwenden.<\/td><td>Wir haben ein berechtigtes Interesse daran, unsere Website effizient zu betreiben. Wir nutzen sie auch, um zu verstehen, wie Sie mit unseren Websites interagieren, um sie zu verbessern und Ihre Pr\u00e4ferenzen zu verstehen. Schlie\u00dflich verwenden wir diese Informationen, um Betrug zu erkennen und zu verhindern.<\/td><\/tr><tr><td><strong>Technologie auf unserer Website f\u00fcr gezielte Werbung<\/strong><\/td><td>Wir k\u00f6nnen Dritten erlauben, Technologien auf unseren Websites zu platzieren (z.B. ein Cookie oder ein Pixel), die es ihnen erm\u00f6glichen, Sie zu verfolgen. Der Dritte k\u00f6nnte auch Daten \u00fcber die Zeit und \u00fcber andere Websites hinweg sammeln. Sie verwenden diese Daten, um auf Ihre Interessen zugeschnittene Werbung anzuzeigen, die auch Werbung f\u00fcr unsere Produkte oder Dienstleistungen umfassen kann.<\/td><td>Wir verwenden auf unserer Website keine Cookies, um an verhaltensbasierter Werbung teilzunehmen,<\/td><\/tr><tr><td><strong>Demografische Informationen<\/strong><\/td><td>Wir k\u00f6nnen personenbezogene Daten wie Ihr Alter oder Ihren Standort erfassen.<\/td><td>Wir haben ein berechtigtes Interesse daran, unsere Nutzer zu verstehen und ma\u00dfgeschneiderte Dienstleistungen anzubieten.<\/td><\/tr><tr><td><strong>Entfernungsdaten<\/strong><\/td><td>Wenn Sie eine unserer Apps nutzen, k\u00f6nnen wir Ihren Standort \u00fcber GPS, Wi-Fi und\/oder Mobilfunktechnologie in Ihrem Ger\u00e4t erfassen, um Ihren Standort zu bestimmen.<\/td><td>Wir haben ein berechtigtes Interesse daran, unsere Nutzer zu verstehen und ma\u00dfgeschneiderte Dienstleistungen anzubieten. In einigen Kontexten basiert unsere Nutzung auch auf Ihrer Zustimmung, uns Geolokalisierungsinformationen zur Verf\u00fcgung zu stellen.<\/td><\/tr><tr><td><strong>Kundenservice und Feedback<\/strong><\/td><td>Wenn Sie uns Feedback geben oder uns f\u00fcr Support kontaktieren, erfassen wir Ihren Namen und Ihre E-Mail-Adresse sowie alle anderen Inhalte, die Sie uns senden, um antworten zu k\u00f6nnen.<\/td><td>Wir haben ein berechtigtes Interesse daran, Ihr Feedback oder Ihre Anliegen zu erhalten und darauf zu reagieren.<\/td><\/tr><tr><td><strong>Mailingliste<\/strong><\/td><td>Wenn Sie sich f\u00fcr eine unserer E-Mail-Listen anmelden, erfassen wir Ihre E-Mail-Adresse oder Postanschrift.<\/td><td>Wir teilen Informationen \u00fcber unsere Produkte und Dienstleistungen mit Personen, die dem Empfang solcher Informationen zustimmen. Wir haben auch ein berechtigtes Interesse daran, Informationen \u00fcber unsere Produkte oder Dienstleistungen zu teilen.<\/td><\/tr><tr><td><strong>Bestellung aufgeben<\/strong><\/td><td>Wenn Sie eine Bestellung aufgeben, erfassen wir m\u00f6glicherweise Ihren Namen, Ihre Rechnungsadresse, Lieferadresse, E-Mail-Adresse, Telefonnummer und Kreditkartennummer.<\/td><td>Wir verwenden Ihre Informationen, um unseren Vertrag zur Bereitstellung von Produkten oder Dienstleistungen f\u00fcr Sie zu erf\u00fcllen.<\/td><\/tr><\/tbody><\/table><\/div><h2>Internationale Nutzer<\/h2><p>Personen, die den Datenschutzgesetzen der Europ\u00e4ischen Union und des Vereinigten K\u00f6nigreichs (\u201cUK\u201d) unterliegen, k\u00f6nnen Rechte als betroffene Person in Bezug auf die personenbezogenen Daten haben, die wir \u00fcber sie speichern (unten detailliert beschrieben). Dies kann an sich Einschr\u00e4nkungen und\/oder Beschr\u00e4nkungen unterliegen. Wenn Sie sich im EWR oder im Vereinigten K\u00f6nigreich befinden, kontaktieren Sie uns bitte unter <a href=\"mailto:support@propaccount.com\">support@propaccount.com<\/a> um Ihre Rechte auszu\u00fcben.<\/p><h2>Datenzugriff<\/h2><p>Auf Anfrage best\u00e4tigen wir, ob wir Ihre personenbezogenen Daten verarbeiten, und falls ja, stellen wir Ihnen eine Kopie dieser personenbezogenen Daten zusammen mit allen anderen relevanten Details zur Verf\u00fcgung. Wenn Sie zus\u00e4tzliche Kopien ben\u00f6tigen, m\u00fcssen wir m\u00f6glicherweise eine angemessene Geb\u00fchr erheben, dies kann jedoch besprochen werden und h\u00e4ngt von der Situation ab.<br \/>Einschr\u00e4nkung der Verarbeitung personenbezogener Daten<br \/>Sie k\u00f6nnen uns unter bestimmten Umst\u00e4nden bitten, die Verarbeitung Ihrer personenbezogenen Daten einzuschr\u00e4nken oder zu \u2018blockieren\u2019, zum Beispiel wenn Sie die Richtigkeit der Daten bestreiten oder unserer Verarbeitung widersprechen. Wir werden Sie benachrichtigen, bevor wir eine Einschr\u00e4nkung der Verarbeitung aufheben. Wenn wir Ihre personenbezogenen Daten an Dritte weitergeben, werden wir diese, wo immer m\u00f6glich, \u00fcber die Einschr\u00e4nkung informieren. Auf Anfrage und sofern dies m\u00f6glich und rechtm\u00e4\u00dfig ist, werden wir Sie auch dar\u00fcber informieren, mit wem wir Ihre personenbezogenen Daten geteilt haben oder teilen werden, damit Sie diese direkt kontaktieren k\u00f6nnen.<\/p><h2>Widerspruchsrechte<\/h2><p>Sie k\u00f6nnen:<\/p><ul><li>uns jederzeit bitten, die Verarbeitung Ihrer personenbezogenen Daten einzustellen, und, falls gesetzlich vorgeschrieben, werden wir dies tun.;<\/li><li>der Verarbeitung Ihrer Daten zu Zwecken des Direktmarketings jederzeit widersprechen. Dies kann durch Klicken auf die Schaltfl\u00e4che \u201cAbmelden\u201d in unseren Marketing-E-Mails erfolgen;<\/li><li>und den Empfang von Dienstbenachrichtigungen per E-Mail ablehnen (zum Beispiel, wenn ein Benutzer, den Sie abonniert haben, ein Diagramm, eine Idee usw. ver\u00f6ffentlicht). Dies kann in den Benutzereinstellungen angepasst werden.<\/li><\/ul><h2>Widerruf der Einwilligung<\/h2><p>Wenn wir uns auf Ihre Einwilligung zur Verarbeitung Ihrer personenbezogenen Daten st\u00fctzen, haben Sie das Recht, diese Einwilligung jederzeit zu widerrufen. Dies hat keinen Einfluss auf die Rechtm\u00e4\u00dfigkeit der Verarbeitung Ihrer Daten, die vor dem Erhalt Ihrer Widerrufserkl\u00e4rung erfolgte. Wir betonen, dass wir uns im Allgemeinen nicht auf Ihre Einwilligung st\u00fctzen, um Ihre personenbezogenen Daten zu verarbeiten, wenn eine andere rechtm\u00e4\u00dfige Grundlage verf\u00fcgbar ist. Wenn wir uns auf Ihre Einwilligung st\u00fctzen, werden wir Ihnen dies zu diesem Zeitpunkt deutlich machen.<\/p><h2>Einsicht und Berichtigung von Daten<\/h2><p>Sie haben das Recht, unrichtige personenbezogene Daten berichtigen oder unvollst\u00e4ndige Daten vervollst\u00e4ndigen zu lassen. Dazu kann jeder Nutzer seine personenbezogenen Daten im Profilbereich einsehen, verwalten und\/oder aktualisieren. Wenn wir Ihre personenbezogenen Daten an Dritte weitergeben, werden wir diese, wo immer m\u00f6glich, \u00fcber vorgenommene Korrekturen informieren. Auf Anfrage und sofern dies m\u00f6glich und rechtm\u00e4\u00dfig ist, werden wir Sie auch dar\u00fcber informieren, mit wem wir Ihre personenbezogenen Daten geteilt haben, damit Sie diese bei Bedarf direkt kontaktieren k\u00f6nnen.<\/p><h2>L\u00f6schen von Daten<\/h2><p>Sie haben das Recht, die Nutzung unserer Dienste zu verweigern und k\u00f6nnen uns unter bestimmten Umst\u00e4nden bitten, Ihre personenbezogenen Daten zu l\u00f6schen oder zu entfernen. Wenn wir Ihre Daten an Dritte weitergeben, werden wir diese, wo immer m\u00f6glich, \u00fcber die \u00c4nderungen informieren. Auf Anfrage und sofern dies m\u00f6glich und rechtm\u00e4\u00dfig ist, werden wir Sie auch dar\u00fcber informieren, mit wem wir Ihre personenbezogenen Daten geteilt haben, damit Sie diese bei Bedarf direkt kontaktieren k\u00f6nnen. Weitere Einzelheiten finden Sie im Abschnitt \u201cL\u00f6schen des Benutzerkontos\u201d.<\/p><h2>Daten\u00fcbertragbarkeit<\/h2><p>Sie haben das Recht, Ihre personenbezogenen Daten von uns zu erhalten, die Sie uns mit Ihrer Einwilligung zur Verf\u00fcgung gestellt haben oder die uns im Rahmen unseres Vertrags mit Ihnen als notwendig \u00fcbermittelt wurden. Wir werden Ihnen Ihre personenbezogenen Daten in einem strukturierten, g\u00e4ngigen und maschinenlesbaren Format zur Verf\u00fcgung stellen. Sie k\u00f6nnen diese Daten, wenn Sie dies w\u00fcnschen, an anderer Stelle wiederverwenden.<br \/>Beschwerde bei der Datenschutzbeh\u00f6rde einreichen<br \/>Wenn Sie Bedenken hinsichtlich unserer Datenschutzpraktiken haben, einschlie\u00dflich der Art und Weise, wie wir Ihre personenbezogenen Daten verarbeiten oder besitzen, k\u00f6nnen Sie dies jeder zust\u00e4ndigen Datenschutzbeh\u00f6rde eines Mitgliedstaates der Europ\u00e4ischen Union melden, die befugt ist, solche Bedenken zu pr\u00fcfen (Kontaktinformationen der Datenschutzbeh\u00f6rden der Europ\u00e4ischen Union finden Sie hier) oder dem Information Commissioner\u2019s Office (ICO), der britischen Aufsichtsbeh\u00f6rde f\u00fcr Datenschutzfragen. Wenn Sie eines dieser Rechte aus\u00fcben m\u00f6chten, kontaktieren Sie uns bitte. Beachten Sie, dass wir Sie m\u00f6glicherweise um weitere Informationen bitten m\u00fcssen, um Ihre Identit\u00e4t zu \u00fcberpr\u00fcfen, bevor wir auf eine Anfrage antworten k\u00f6nnen.<\/p><h2>Internationale Daten\u00fcbertragungen<\/h2><p>Die \u00fcber die Dienste gesammelten Informationen werden auf Servern in den Vereinigten Staaten, der Europ\u00e4ischen Union und anderen Zielen gespeichert, bei unseren Dienstleistern und verbundenen Unternehmen f\u00fcr die oben beschriebenen Zwecke. Dies ist notwendig, um Ihnen die Navigation und Nutzung unserer Dienste zu erm\u00f6glichen, und indem Sie uns Ihre pers\u00f6nlichen Daten \u00fcbermitteln, stimmen Sie der \u00dcbertragung, Speicherung und Verarbeitung Ihrer Informationen in einem anderen Land als Ihrem Wohnsitzland zu. Die Daten k\u00f6nnen an unsere Dienstleister und verbundenen Unternehmen \u00fcbermittelt werden, die unsere Gesch\u00e4ftsabl\u00e4ufe unterst\u00fctzen (wie oben beschrieben). Beachten Sie, dass die betreffenden L\u00e4nder m\u00f6glicherweise nicht die gleichen rechtlichen Standards f\u00fcr den Schutz Ihrer pers\u00f6nlichen Daten bieten. Wenn wir Ihre pers\u00f6nlichen Daten in L\u00e4nder au\u00dferhalb Ihres Landes \u00fcbertragen, werden wir die notwendigen Schritte unternehmen, um sicherzustellen, dass Ihre Informationen dort, wo sie verarbeitet werden, ein angemessenes Ma\u00df an Sicherheitsschutz erhalten und dass Ihre Rechte weiterhin gesch\u00fctzt sind. Wenn Sie weitere Informationen zu den von uns implementierten Schutzma\u00dfnahmen erhalten m\u00f6chten, kontaktieren Sie uns bitte.<\/p><h2>Aus\u00fcbung der Rechte betroffener Personen<\/h2><p>Wenn Sie in einer Gerichtsbarkeit ans\u00e4ssig sind, die Ihnen die Aus\u00fcbung bestimmter Rechte nach geltendem Recht erlaubt, k\u00f6nnen Sie die oben beschriebenen Rechte aus\u00fcben, indem Sie uns wie im Abschnitt \u201cKontaktinformationen\u201d unten angegeben kontaktieren. Wenn Sie mit unserer Ablehnung einer Anfrage nicht einverstanden sind, k\u00f6nnen Sie unsere Entscheidung anfechten, indem Sie uns unter dem Betreff \u201cEinspruch\u201d kontaktieren. Beachten Sie, dass wir Sie, wie gesetzlich vorgeschrieben, auffordern werden, Ihre Identit\u00e4t nachzuweisen. Wir k\u00f6nnen Ihre Identit\u00e4t per Telefonanruf oder E-Mail \u00fcberpr\u00fcfen. Abh\u00e4ngig von Ihrer Anfrage werden wir Informationen wie Ihren Namen, den letzten Artikel, den Sie bei uns gekauft haben, oder das Datum Ihres letzten Kaufs bei uns abfragen. Wir k\u00f6nnen Sie auch bitten, eine unterschriebene Erkl\u00e4rung zur Best\u00e4tigung Ihrer Identit\u00e4t vorzulegen. Nach einer Anfrage werden wir angemessene Anstrengungen unternehmen, um pers\u00f6nliche Informationen \u00fcber Sie in unseren Dateien bereitzustellen, zu korrigieren oder zu l\u00f6schen. Unter bestimmten Umst\u00e4nden k\u00f6nnen Sie einen bevollm\u00e4chtigten Vertreter benennen, um Anfragen zur Aus\u00fcbung bestimmter Datenschutzrechte in Ihrem Namen einzureichen. Wenn Sie ein bevollm\u00e4chtigter Vertreter sind, der eine Anfrage im Namen einer Einzelperson einreicht, m\u00fcssen Sie eine Kopie eines ausgef\u00fcllten Formulars zur Benennung eines bevollm\u00e4chtigten Vertreters beif\u00fcgen, aus dem hervorgeht, dass Sie im Namen einer anderen Person handeln k\u00f6nnen.<\/p><h2>Kontaktinformationen<\/h2><p>Wenn Sie Fragen oder Anregungen zur Verarbeitung personenbezogener Daten haben,<br \/>kontaktieren Sie uns bitte \u00fcber das Kontaktformular hier,<br \/>oder per E-Mail an <a href=\"mailto:support@propaccount.com\">support@propaccount.com<\/a>.\u00a0<\/p>\t\t\t\t\t\t\t\t<\/div>\n\t\t\t\t<\/div>\n\t\t\t\t\t<\/div>\n\t\t\t\t<\/div>\n\t\t<div class=\"elementor-element elementor-element-36a9ec2 e-flex e-con-boxed e-con e-parent\" data-id=\"36a9ec2\" data-element_type=\"container\" data-e-type=\"container\">\n\t\t\t\t\t<div class=\"e-con-inner\">\n\t\t\t\t<div class=\"elementor-element elementor-element-7283f71d elementor-widget elementor-widget-html\" data-id=\"7283f71d\" data-element_type=\"widget\" data-e-type=\"widget\" data-widget_type=\"html.default\">\n\t\t\t\t<div class=\"elementor-widget-container\">\n\t\t\t\t\t<ul id=\"language-dropdown\" class=\"lang-list lang-dropdown\" data-no-translation><li><a href=\"https:\/\/propaccount.com\/de\/wp-json\/wp\/v2\/pages\/2497\">English<\/a><\/li><li><a href=\"https:\/\/propaccount.com\/de\/wp-json\/wp\/v2\/pages\/2497\">Spanish<\/a><\/li><li><a href=\"https:\/\/propaccount.com\/de\/wp-json\/wp\/v2\/pages\/2497\">Portuguese<\/a><\/li><li><a href=\"https:\/\/propaccount.com\/de\/wp-json\/wp\/v2\/pages\/2497\">French<\/a><\/li><li><a href=\"https:\/\/propaccount.com\/de\/wp-json\/wp\/v2\/pages\/2497\">Arabic<\/a><\/li><li><a href=\"https:\/\/propaccount.com\/de\/wp-json\/wp\/v2\/pages\/2497\">Chinese<\/a><\/li><li><a href=\"https:\/\/propaccount.com\/de\/wp-json\/wp\/v2\/pages\/2497\">Japanese<\/a><\/li><li><a href=\"https:\/\/propaccount.com\/de\/wp-json\/wp\/v2\/pages\/2497\">Hebrew<\/a><\/li><li><a href=\"https:\/\/propaccount.com\/de\/wp-json\/wp\/v2\/pages\/2497\">German<\/a><\/li><\/ul>\n\n<script>\nconst button = document.getElementById(\"language\");\nconst dropdown = document.getElementById(\"language-dropdown\");\n\nbutton.addEventListener(\"mouseenter\", function () {\n  dropdown.classList.add(\"show\");\n});\n\nbutton.addEventListener(\"mouseleave\", function () {\n  setTimeout(() => {\n    if (!dropdown.matches(\":hover\")) {\n      dropdown.classList.remove(\"show\");\n    }\n  }, 100);\n});\n\ndropdown.addEventListener(\"mouseleave\", function () {\n  dropdown.classList.remove(\"show\");\n});\n\n<\/script>\t\t\t\t<\/div>\n\t\t\t\t<\/div>\n\t\t\t\t<div class=\"elementor-element elementor-element-6c1b401a elementor-widget elementor-widget-html\" data-id=\"6c1b401a\" data-element_type=\"widget\" data-e-type=\"widget\" data-widget_type=\"html.default\">\n\t\t\t\t<div class=\"elementor-widget-container\">\n\t\t\t\t\t<script>\ndocument.addEventListener(\"DOMContentLoaded\", function () {\n\n  function fixTerms() {\n    document.querySelectorAll('.elementor-post-info__terms-list').forEach(el => {\n      const items = Array.from(el.querySelectorAll('.elementor-post-info__terms-list-item'));\n\n      \/\/ ukloni \"News\"\n      items.forEach(item => {\n        if (item.textContent.trim() === 'News') {\n          item.remove();\n        }\n      });\n\n      \/\/ ukloni text node-ove (zareze)\n      Array.from(el.childNodes).forEach(node => {\n        if (node.nodeType === 3) {\n          if (node.textContent.trim() === ',' || node.textContent.trim() === '') {\n            node.remove();\n          }\n        }\n      });\n\n      \/\/ ponovo dodaj separator ako treba\n      const remaining = el.querySelectorAll('.elementor-post-info__terms-list-item');\n\n      if (remaining.length > 1) {\n        el.innerHTML = '';\n        remaining.forEach((item, index) => {\n          el.appendChild(item);\n          if (index < remaining.length - 1) {\n            el.appendChild(document.createTextNode(', '));\n          }\n        });\n      }\n    });\n  }\n\n  \/\/ pokreni odmah\n  fixTerms();\n\n  \/\/ \ud83e\udde0 bitno: pokreni opet ako Elementor reloaduje sadr\u017eaj\n  const observer = new MutationObserver(() => {\n    fixTerms();\n  });\n\n  observer.observe(document.body, {\n    childList: true,\n    subtree: true\n  });\n\n});\n<\/script>\t\t\t\t<\/div>\n\t\t\t\t<\/div>\n\t\t\t\t\t<\/div>\n\t\t\t\t<\/div>\n\t\t\t\t<\/div>","protected":false},"excerpt":{"rendered":"<p>Privacy Policy The Prop Account Group of Companies (Prop Account, LLC, Prop Account LC, Prop Account LTD, CRM Solutions LC, [&hellip;]<\/p>\n","protected":false},"author":1,"featured_media":0,"parent":0,"menu_order":0,"comment_status":"closed","ping_status":"closed","template":"","meta":{"_acf_changed":false,"inline_featured_image":false,"site-sidebar-layout":"no-sidebar","site-content-layout":"","ast-site-content-layout":"full-width-container","site-content-style":"default","site-sidebar-style":"default","ast-global-header-display":"","ast-banner-title-visibility":"","ast-main-header-display":"","ast-hfb-above-header-display":"","ast-hfb-below-header-display":"","ast-hfb-mobile-header-display":"","site-post-title":"disabled","ast-breadcrumbs-content":"","ast-featured-img":"disabled","footer-sml-layout":"","ast-disable-related-posts":"","theme-transparent-header-meta":"","adv-header-id-meta":"","stick-header-meta":"","header-above-stick-meta":"","header-main-stick-meta":"","header-below-stick-meta":"","astra-migrate-meta-layouts":"default","ast-page-background-enabled":"default","ast-page-background-meta":{"desktop":{"background-color":"var(--ast-global-color-4)","background-image":"","background-repeat":"repeat","background-position":"center center","background-size":"auto","background-attachment":"scroll","background-type":"","background-media":"","overlay-type":"","overlay-color":"","overlay-opacity":"","overlay-gradient":""},"tablet":{"background-color":"","background-image":"","background-repeat":"repeat","background-position":"center center","background-size":"auto","background-attachment":"scroll","background-type":"","background-media":"","overlay-type":"","overlay-color":"","overlay-opacity":"","overlay-gradient":""},"mobile":{"background-color":"","background-image":"","background-repeat":"repeat","background-position":"center center","background-size":"auto","background-attachment":"scroll","background-type":"","background-media":"","overlay-type":"","overlay-color":"","overlay-opacity":"","overlay-gradient":""}},"ast-content-background-meta":{"desktop":{"background-color":"var(--ast-global-color-5)","background-image":"","background-repeat":"repeat","background-position":"center center","background-size":"auto","background-attachment":"scroll","background-type":"","background-media":"","overlay-type":"","overlay-color":"","overlay-opacity":"","overlay-gradient":""},"tablet":{"background-color":"var(--ast-global-color-5)","background-image":"","background-repeat":"repeat","background-position":"center center","background-size":"auto","background-attachment":"scroll","background-type":"","background-media":"","overlay-type":"","overlay-color":"","overlay-opacity":"","overlay-gradient":""},"mobile":{"background-color":"var(--ast-global-color-5)","background-image":"","background-repeat":"repeat","background-position":"center center","background-size":"auto","background-attachment":"scroll","background-type":"","background-media":"","overlay-type":"","overlay-color":"","overlay-opacity":"","overlay-gradient":""}},"footnotes":""},"class_list":["post-2497","page","type-page","status-publish","hentry"],"acf":[],"_links":{"self":[{"href":"https:\/\/propaccount.com\/de\/wp-json\/wp\/v2\/pages\/2497","targetHints":{"allow":["GET"]}}],"collection":[{"href":"https:\/\/propaccount.com\/de\/wp-json\/wp\/v2\/pages"}],"about":[{"href":"https:\/\/propaccount.com\/de\/wp-json\/wp\/v2\/types\/page"}],"author":[{"embeddable":true,"href":"https:\/\/propaccount.com\/de\/wp-json\/wp\/v2\/users\/1"}],"replies":[{"embeddable":true,"href":"https:\/\/propaccount.com\/de\/wp-json\/wp\/v2\/comments?post=2497"}],"version-history":[{"count":0,"href":"https:\/\/propaccount.com\/de\/wp-json\/wp\/v2\/pages\/2497\/revisions"}],"wp:attachment":[{"href":"https:\/\/propaccount.com\/de\/wp-json\/wp\/v2\/media?parent=2497"}],"curies":[{"name":"wp","href":"https:\/\/api.w.org\/{rel}","templated":true}]}}