{"id":2491,"date":"2025-12-17T12:20:17","date_gmt":"2025-12-17T11:20:17","guid":{"rendered":"https:\/\/newpropaccdev.wpenginepowered.com\/?page_id=2491"},"modified":"2026-04-14T11:52:02","modified_gmt":"2026-04-14T09:52:02","slug":"terms-and-conditions","status":"publish","type":"page","link":"https:\/\/propaccount.com\/de\/terms-and-conditions\/","title":{"rendered":"Allgemeine Gesch\u00e4ftsbedingungen"},"content":{"rendered":"<div data-elementor-type=\"wp-page\" data-elementor-id=\"2491\" class=\"elementor elementor-2491\" data-elementor-post-type=\"page\">\n\t\t\t\t<div class=\"elementor-element elementor-element-460416f0 e-flex e-con-boxed e-con e-parent\" data-id=\"460416f0\" data-element_type=\"container\" data-e-type=\"container\" data-settings=\"{&quot;background_background&quot;:&quot;gradient&quot;}\">\n\t\t\t\t\t<div class=\"e-con-inner\">\n\t\t\t\t<div class=\"elementor-element elementor-element-7eb5efae elementor-widget elementor-widget-heading\" data-id=\"7eb5efae\" data-element_type=\"widget\" data-e-type=\"widget\" data-widget_type=\"heading.default\">\n\t\t\t\t<div class=\"elementor-widget-container\">\n\t\t\t\t\t<h1 class=\"elementor-heading-title elementor-size-default\">Allgemeine Gesch\u00e4ftsbedingungen<\/h1>\t\t\t\t<\/div>\n\t\t\t\t<\/div>\n\t\t\t\t\t<\/div>\n\t\t\t\t<\/div>\n\t\t<div class=\"elementor-element elementor-element-55af572 e-flex e-con-boxed e-con e-parent\" data-id=\"55af572\" data-element_type=\"container\" data-e-type=\"container\">\n\t\t\t\t\t<div class=\"e-con-inner\">\n\t\t\t\t<div class=\"elementor-element elementor-element-ef296c8 gradient-heading-for-text elementor-widget elementor-widget-text-editor\" data-id=\"ef296c8\" data-element_type=\"widget\" data-e-type=\"widget\" data-widget_type=\"text-editor.default\">\n\t\t\t\t<div class=\"elementor-widget-container\">\n\t\t\t\t\t\t\t\t\t<p>Die nachstehend aufgef\u00fchrten Nutzungsbedingungen gelten f\u00fcr diese Website (zusammenfassend die \u201cWebsite\u201d). Bitte lesen Sie diese Bedingungen sorgf\u00e4ltig durch, bevor Sie die Website nutzen. Durch die Nutzung dieser Website best\u00e4tigen Sie, dass Sie die Nutzungsbedingungen gelesen, verstanden und ihnen zugestimmt haben. Wenn Sie diesen Nutzungsbedingungen nicht zustimmen, d\u00fcrfen Sie die Website nicht aufrufen oder nutzen. Die Prop Account Unternehmensgruppe (Prop Account, LLC, Prop Account LC, Prop Account LTD, CRM Solutions LC, gemeinsam D\/B\/A \u2018Prop Account\u2019) beh\u00e4lt sich das Recht vor, nach eigenem Ermessen Teile dieser Bedingungen jederzeit zu \u00e4ndern, zu modifizieren, hinzuzuf\u00fcgen oder zu entfernen. Wir empfehlen Ihnen daher, diese Bedingungen regelm\u00e4\u00dfig auf \u00c4nderungen zu \u00fcberpr\u00fcfen. Durch die Nutzung unserer Website, nachdem wir \u00c4nderungen an diesen Nutzungsbedingungen ver\u00f6ffentlicht haben, erkl\u00e4ren Sie sich mit diesen Bedingungen einverstanden.<\/p><h2>Jurisdiktionelle Fragen<\/h2><p>Nutzer dieser Website sind daf\u00fcr verantwortlich, alle anwendbaren Gesetze und Vorschriften in ihren jeweiligen Gerichtsbarkeiten zu beachten, bevor sie auf die hierin enthaltenen Informationen zugreifen. Die auf oder \u00fcber die Website bereitgestellten Informationen sind nicht f\u00fcr die Verbreitung an oder die Nutzung durch Personen oder Unternehmen in einer Gerichtsbarkeit oder einem Land bestimmt, in dem eine solche Verbreitung oder Nutzung gegen Gesetze oder Vorschriften versto\u00dfen w\u00fcrde oder die Firma einer Registrierung oder anderen Anforderung innerhalb dieser Gerichtsbarkeit oder dieses Landes unterwerfen w\u00fcrde. PropAccount beh\u00e4lt sich das Recht vor, den Zugang zur Website auf bestimmte Personen, geografische Regionen oder Gerichtsbarkeiten zu beschr\u00e4nken. Durch den Zugriff auf die Informationen wird davon ausgegangen, dass Sie zugesichert und gew\u00e4hrleistet haben, dass die anwendbaren Gesetze und Vorschriften Ihrer jeweiligen Gerichtsbarkeit Ihnen dies erlauben.<\/p><h2>Kein Angebot, keine Empfehlung oder Aufforderung<\/h2><p>Keine der auf dieser Website enthaltenen Informationen stellt eine Empfehlung, Aufforderung oder ein Angebot von Prop Account oder seinen verbundenen Unternehmen zum Kauf oder Verkauf von Wertpapieren, Futures, Optionen oder anderen Finanzinstrumenten oder zur Erbringung von Anlageberatung oder -dienstleistungen dar. Weder Prop Account noch eines seiner verbundenen Unternehmen ist oder erwartet, als Investmentgesellschaft gem\u00e4\u00df dem U.S. Investment Company Act von 1940 in der jeweils g\u00fcltigen Fassung (der \u201cInvestment Company Act\u201d) registriert zu sein, und Anleger haben keinen Anspruch auf die Vorteile des Investment Company Act.<\/p><h2>Anlagerisiko<\/h2><p>Jede Anlage ist mit Risiken verbunden. Der Wert von Wertpapieren kann sowohl fallen als auch steigen. Die Wertentwicklung in der Vergangenheit ist keine Garantie f\u00fcr zuk\u00fcnftige Ertr\u00e4ge, und es gibt keine Garantie daf\u00fcr, dass der Marktpreis von Wertpapieren ihren zugrunde liegenden Nettoinventarwert vollst\u00e4ndig widerspiegelt. Die auf dieser Website enthaltenen Informationen wurden ohne Bezugnahme auf die spezifischen Anlagebed\u00fcrfnisse oder die finanzielle Situation eines bestimmten Nutzers erstellt. Bestimmte Transaktionen bergen erhebliche Risiken und sind nicht f\u00fcr alle Anleger geeignet. Preis- und andere Informationen, die durch die Nutzung der hierin zur Verf\u00fcgung gestellten Daten oder Dienstleistungen generiert werden, spiegeln m\u00f6glicherweise nicht die tats\u00e4chlichen Preise oder Werte wider, die zum Zeitpunkt der Bereitstellung oder zu dem Zeitpunkt, zu dem der Nutzer ein bestimmtes Wertpapier oder ein anderes Instrument kaufen oder verkaufen m\u00f6chte, auf dem Markt verf\u00fcgbar w\u00e4ren. Bestimmte Aussagen auf der Website spiegeln die Ansichten, Sch\u00e4tzungen, Meinungen oder Prognosen der Firma wider (die auf propriet\u00e4ren Modellen und Annahmen basieren k\u00f6nnen, einschlie\u00dflich insbesondere ihrer Ansichten zum aktuellen und zuk\u00fcnftigen Markt f\u00fcr Finanzinstrumente), und es gibt keine Garantie daf\u00fcr, dass diese Ansichten, Sch\u00e4tzungen, Meinungen oder Prognosen derzeit korrekt sind oder letztendlich realisiert werden. Weder Prop Account noch eines seiner jeweiligen verbundenen Unternehmen, Aktion\u00e4re, Partner, Mitglieder, Direktoren, leitenden Angestellten, Management, Mitarbeiter oder Vertreter geben eine ausdr\u00fcckliche oder stillschweigende Zusicherung oder Garantie hinsichtlich der Richtigkeit oder Vollst\u00e4ndigkeit der Informationen auf dieser Website. Jede der vorgenannten Parteien lehnt ausdr\u00fccklich jegliche Haftung ab, die sich aus der Nutzung der Informationen auf dieser Website ergibt oder damit zusammenh\u00e4ngt.<\/p><h2>Zukunftsgerichtete Aussagen<\/h2><p>Nichts auf dieser Website ist oder sollte als Versprechen oder Zusicherung f\u00fcr die Zukunft angesehen werden. Diese Website enth\u00e4lt zukunftsgerichtete Aussagen, die die Ansichten der Firma oder ihrer jeweiligen verbundenen Unternehmen unter anderem in Bezug auf die Gesch\u00e4ftst\u00e4tigkeit der Firma widerspiegeln. Anleger k\u00f6nnen diese zukunftsgerichteten Aussagen an der Verwendung von W\u00f6rtern wie \u201cglauben\u201d, \u201cerwarten\u201d, \u201cpotenziell\u201d, \u201cfortsetzen\u201d, \u201ck\u00f6nnen\u201d, \u201cwerden\u201d, \u201csollten\u201d, \u201canstreben\u201d, \u201cungef\u00e4hr\u201d, \u201cvorhersagen\u201d, \u201cbeabsichtigen\u201d, \u201cplanen\u201d, \u201csch\u00e4tzen\u201d, \u201cantizipieren\u201d oder anderen vergleichbaren W\u00f6rtern erkennen. Diese zukunftsgerichteten Aussagen unterliegen verschiedenen Risiken, Unsicherheiten und Annahmen. Dementsprechend gibt es oder wird es wichtige Faktoren geben, die dazu f\u00fchren k\u00f6nnten, dass die tats\u00e4chlichen Ergebnisse oder Resultate wesentlich von den in diesen Aussagen angegebenen abweichen. Sollten sich Annahmen, die den auf dieser Website enthaltenen zukunftsgerichteten Aussagen zugrunde liegen, als falsch erweisen, k\u00f6nnen die tats\u00e4chlichen Ergebnisse oder Resultate wesentlich von den in diesen Aussagen prognostizierten Ergebnissen oder Resultaten abweichen. Prop Account oder eines seiner jeweiligen verbundenen Unternehmen \u00fcbernehmen keine Verpflichtung, zukunftsgerichtete Aussagen zu aktualisieren oder zu \u00fcberpr\u00fcfen, sei es aufgrund neuer Informationen, zuk\u00fcnftiger Entwicklungen oder anderweitig, es sei denn, dies ist durch anwendbares Recht oder Vorschriften vorgeschrieben.<\/p><h2>Geltendes Recht und Gerichtsstand<\/h2><p>Diese Bedingungen und Ihre Nutzung der Website unterliegen den Gesetzen der Vereinigten Staaten von Amerika und des Staates Florida, ohne Ber\u00fccksichtigung seiner Kollisionsnormen. Jede rechtliche Klage oder jedes Verfahren im Zusammenhang mit dieser Website ist ausschlie\u00dflich vor einem Bundes- oder Staatsgericht mit zust\u00e4ndiger Gerichtsbarkeit in Florida zu erheben.<\/p><h2>Keine Haftung<\/h2><p>Obwohl die Firma alle zumutbare Sorgfalt angewendet hat, um sicherzustellen, dass die auf dieser Website enthaltenen Informationen korrekt sind, wird von Prop Account oder seinen verbundenen Unternehmen keine ausdr\u00fcckliche oder stillschweigende Zusicherung oder Garantie (einschlie\u00dflich der Haftung gegen\u00fcber Dritten) hinsichtlich ihrer Richtigkeit, Zuverl\u00e4ssigkeit oder Vollst\u00e4ndigkeit gegeben. Meinungen und andere auf dieser Website ge\u00e4u\u00dferte Inhalte dienen ausschlie\u00dflich Ihrem pers\u00f6nlichen Gebrauch und zu Informationszwecken und k\u00f6nnen ohne vorherige Ank\u00fcndigung ge\u00e4ndert werden. Nichts auf dieser Website stellt eine Anlage-, Rechts-, Steuer- oder sonstige Beratung dar und sollte nicht als Grundlage f\u00fcr Anlage- oder andere Entscheidungen herangezogen werden. Sie sollten vor jeder Anlageentscheidung eine relevante und spezifische professionelle Beratung einholen.<\/p><h2>Keine Gew\u00e4hrleistung<\/h2><p>Die Materialien auf der Website werden \u201cWIE BESEHEN\u201d und ohne Gew\u00e4hrleistungen jeglicher Art, weder ausdr\u00fccklich noch stillschweigend, im gr\u00f6\u00dftm\u00f6glichen Umfang gem\u00e4\u00df geltendem Recht bereitgestellt. Prop Account \u00fcbernimmt ferner keine Verantwortung oder Gew\u00e4hrleistung daf\u00fcr, dass die auf dieser Website enthaltenen Informationen und Materialien ununterbrochen oder fehlerfrei sind, dass M\u00e4ngel behoben werden oder dass diese Website oder die Server, die sie zur Verf\u00fcgung stellen, frei von Viren oder anderen sch\u00e4dlichen Komponenten sind.<\/p><h2>Haftungsausschluss<\/h2><p>Sie erkl\u00e4ren sich damit einverstanden, dass Prop Account oder Dritte, die Informationen auf dieser Website bereitgestellt haben, oder deren jeweilige verbundene Unternehmen unter keinen Umst\u00e4nden, einschlie\u00dflich, aber nicht beschr\u00e4nkt auf Fahrl\u00e4ssigkeit, f\u00fcr direkte, besondere oder Folgesch\u00e4den haften, die sich aus dem Zugriff auf oder der Nutzung der Materialien auf dieser Website oder der Unf\u00e4higkeit dazu ergeben.<\/p><h2>Verlinkte Websites und soziale Medien<\/h2><p>Diese Website enth\u00e4lt Links zu anderen Websites, die f\u00fcr unsere Nutzer von Interesse sein k\u00f6nnten. Bitte beachten Sie, dass Sie beim Klicken auf einen dieser Links m\u00f6glicherweise auf die Website eines anderen Anbieters weitergeleitet werden. Diese verlinkten Websites und ihre Anbieter werden von uns nicht kontrolliert, und wir sind nicht verantwortlich f\u00fcr den Inhalt oder den ordnungsgem\u00e4\u00dfen Betrieb einer verlinkten Website. Die Aufnahme eines Links bedeutet nicht unsere Billigung oder \u00dcbernahme der darin enthaltenen Aussagen. Wir empfehlen Ihnen, die Nutzungsbedingungen und Datenschutzerkl\u00e4rungen dieser verlinkten Websites zu lesen, da deren Richtlinien von unseren abweichen k\u00f6nnen. Wir k\u00f6nnen eine Pr\u00e4senz auf und Links zu Social-Media-Websites, einschlie\u00dflich LinkedIn, X, Instagram und anderen (zusammenfassend \u201cSocial-Media-Seiten\u201d), unterhalten, um einen Ort zu bieten, an dem Menschen mehr \u00fcber uns und unsere Dienstleistungen erfahren und Erfahrungen mit unseren Dienstleistungen austauschen k\u00f6nnen. Wenn Sie diese Social-Media-Seiten besuchen, befinden Sie sich nicht mehr auf unserer Plattform, sondern auf einer von einem Drittanbieter betriebenen Website. Alle Kommentare, visuellen Inhalte und andere Materialien, die von Besuchern auf unseren Social-Media-Seiten ver\u00f6ffentlicht werden, spiegeln nicht unbedingt unsere Meinungen, Werte oder Ideen wider. Alle Besucher unserer Social-Media-Seiten m\u00fcssen die Nutzungsbedingungen der jeweiligen Social-Media-Plattform einhalten.<\/p><h2>Sonstiges<\/h2><p>Diese Website enth\u00e4lt Links zu anderen Websites, die f\u00fcr unsere Nutzer von Interesse sein k\u00f6nnten. Bitte beachten Sie, dass Sie beim Klicken auf einen dieser Links m\u00f6glicherweise auf die Website eines anderen Anbieters weitergeleitet werden. Diese verlinkten Websites und ihre Anbieter werden von uns nicht kontrolliert, und wir sind nicht verantwortlich f\u00fcr den Inhalt oder den ordnungsgem\u00e4\u00dfen Betrieb einer verlinkten Website. Die Aufnahme eines Links bedeutet nicht unsere Billigung oder \u00dcbernahme der darin enthaltenen Aussagen. Wir empfehlen Ihnen, die Nutzungsbedingungen und Datenschutzerkl\u00e4rungen dieser verlinkten Websites zu lesen, da deren Richtlinien von unseren abweichen k\u00f6nnen. Wir k\u00f6nnen eine Pr\u00e4senz auf und Links zu Social-Media-Websites, einschlie\u00dflich LinkedIn, X, Instagram und anderen (zusammenfassend \u201cSocial-Media-Seiten\u201d), unterhalten, um einen Ort zu bieten, an dem Menschen mehr \u00fcber uns und unsere Dienstleistungen erfahren und Erfahrungen mit unseren Dienstleistungen austauschen k\u00f6nnen. Wenn Sie diese Social-Media-Seiten besuchen, befinden Sie sich nicht mehr auf unserer Plattform, sondern auf einer von einem Drittanbieter betriebenen Website. Alle Kommentare, visuellen Inhalte und andere Materialien, die von Besuchern auf unseren Social-Media-Seiten ver\u00f6ffentlicht werden, spiegeln nicht unbedingt unsere Meinungen, Werte oder Ideen wider. Alle Besucher unserer Social-Media-Seiten m\u00fcssen die Nutzungsbedingungen der jeweiligen Social-Media-Plattform einhalten.<\/p><h2>Schutzrechte<\/h2><p>Sofern nicht ausdr\u00fccklich anders vermerkt, sind alle Informationen und Materialien, einschlie\u00dflich, aber nicht beschr\u00e4nkt auf Bilder, Illustrationen, Designs, Icons, Fotografien, Videoclips sowie schriftliche und andere Materialien, die Teil der Website sind, Urheberrechte, Marken, Dienstleistungsmarken, Handelsnamen, Aufmachungen und\/oder anderes geistiges Eigentum, das der Firma geh\u00f6rt, von ihr kontrolliert oder lizenziert wird. Kein Material von der Website darf in irgendeiner Weise kopiert, reproduziert, neu ver\u00f6ffentlicht, hochgeladen, gepostet, \u00fcbertragen oder verbreitet werden; vorausgesetzt jedoch, dass Sie, wo ausdr\u00fccklich erlaubt, eine Kopie der Materialien auf einem einzelnen Computer nur f\u00fcr Ihren pers\u00f6nlichen, nicht-kommerziellen Gebrauch herunterladen d\u00fcrfen, sofern Sie alle Urheberrechts- und sonstigen Schutzrechtsvermerke intakt halten und ordnungsgem\u00e4\u00df anzeigen. Sie d\u00fcrfen den Inhalt der Website, einschlie\u00dflich, aber nicht beschr\u00e4nkt auf Texte, Bilder, Audio- und Videomaterial, ohne die schriftliche Genehmigung von Prop Account nicht f\u00fcr \u00f6ffentliche oder kommerzielle Zwecke verbreiten, \u00e4ndern, \u00fcbertragen, wiederverwenden, erneut ver\u00f6ffentlichen oder nutzen. Die \u00c4nderung oder Nutzung der Informationen oder Materialien f\u00fcr andere Zwecke verletzt die Urheberrechte und\/oder geistigen Eigentumsrechte der Firma. Ferner wird die Firma die Nutzer dieser Website nicht allein aufgrund ihres Zugriffs auf diese Website als ihre Kunden behandeln.<\/p><h2>Regulatorische Angelegenheiten<\/h2><p>Der USA Patriot Act und andere anwendbare Regeln und Vorschriften verlangen von uns, Informationen zu erfassen, zu \u00fcberpr\u00fcfen und aufzuzeichnen, um jede juristische Person oder Einzelperson zu identifizieren, die eine Gesch\u00e4ftsbeziehung mit uns eingeht. Wir k\u00f6nnen Sie nach Ihrer Adresse, Identifikationsnummer, Unternehmensdokumenten oder anderen identifizierenden Informationen fragen, um Ihre Identit\u00e4t zu \u00fcberpr\u00fcfen. Wir k\u00f6nnen eine Drittquelle nutzen, um die von Ihnen bereitgestellten Informationen zu best\u00e4tigen.<\/p><h2>Kontakt<\/h2><p>Bei Fragen kontaktieren Sie uns bitte \u00fcber das Kontaktformular hier oder<br \/>per E-Mail an <a href=\"mailto:support@propaccount.com\">support@propaccount.com<\/a>.<br \/>Datum: 6. M\u00e4rz 2025<\/p>\t\t\t\t\t\t\t\t<\/div>\n\t\t\t\t<\/div>\n\t\t\t\t\t<\/div>\n\t\t\t\t<\/div>\n\t\t\t\t<\/div>","protected":false},"excerpt":{"rendered":"<p>Terms and Conditions The terms and conditions of use set forth below apply to this website (collectively, the \u201cSite\u201d). Please [&hellip;]<\/p>\n","protected":false},"author":1,"featured_media":0,"parent":0,"menu_order":0,"comment_status":"closed","ping_status":"closed","template":"","meta":{"_acf_changed":false,"inline_featured_image":false,"site-sidebar-layout":"no-sidebar","site-content-layout":"","ast-site-content-layout":"full-width-container","site-content-style":"default","site-sidebar-style":"default","ast-global-header-display":"","ast-banner-title-visibility":"","ast-main-header-display":"","ast-hfb-above-header-display":"","ast-hfb-below-header-display":"","ast-hfb-mobile-header-display":"","site-post-title":"disabled","ast-breadcrumbs-content":"","ast-featured-img":"disabled","footer-sml-layout":"","ast-disable-related-posts":"","theme-transparent-header-meta":"","adv-header-id-meta":"","stick-header-meta":"","header-above-stick-meta":"","header-main-stick-meta":"","header-below-stick-meta":"","astra-migrate-meta-layouts":"default","ast-page-background-enabled":"default","ast-page-background-meta":{"desktop":{"background-color":"var(--ast-global-color-4)","background-image":"","background-repeat":"repeat","background-position":"center center","background-size":"auto","background-attachment":"scroll","background-type":"","background-media":"","overlay-type":"","overlay-color":"","overlay-opacity":"","overlay-gradient":""},"tablet":{"background-color":"","background-image":"","background-repeat":"repeat","background-position":"center center","background-size":"auto","background-attachment":"scroll","background-type":"","background-media":"","overlay-type":"","overlay-color":"","overlay-opacity":"","overlay-gradient":""},"mobile":{"background-color":"","background-image":"","background-repeat":"repeat","background-position":"center center","background-size":"auto","background-attachment":"scroll","background-type":"","background-media":"","overlay-type":"","overlay-color":"","overlay-opacity":"","overlay-gradient":""}},"ast-content-background-meta":{"desktop":{"background-color":"var(--ast-global-color-5)","background-image":"","background-repeat":"repeat","background-position":"center center","background-size":"auto","background-attachment":"scroll","background-type":"","background-media":"","overlay-type":"","overlay-color":"","overlay-opacity":"","overlay-gradient":""},"tablet":{"background-color":"var(--ast-global-color-5)","background-image":"","background-repeat":"repeat","background-position":"center center","background-size":"auto","background-attachment":"scroll","background-type":"","background-media":"","overlay-type":"","overlay-color":"","overlay-opacity":"","overlay-gradient":""},"mobile":{"background-color":"var(--ast-global-color-5)","background-image":"","background-repeat":"repeat","background-position":"center center","background-size":"auto","background-attachment":"scroll","background-type":"","background-media":"","overlay-type":"","overlay-color":"","overlay-opacity":"","overlay-gradient":""}},"footnotes":""},"class_list":["post-2491","page","type-page","status-publish","hentry"],"acf":[],"_links":{"self":[{"href":"https:\/\/propaccount.com\/de\/wp-json\/wp\/v2\/pages\/2491","targetHints":{"allow":["GET"]}}],"collection":[{"href":"https:\/\/propaccount.com\/de\/wp-json\/wp\/v2\/pages"}],"about":[{"href":"https:\/\/propaccount.com\/de\/wp-json\/wp\/v2\/types\/page"}],"author":[{"embeddable":true,"href":"https:\/\/propaccount.com\/de\/wp-json\/wp\/v2\/users\/1"}],"replies":[{"embeddable":true,"href":"https:\/\/propaccount.com\/de\/wp-json\/wp\/v2\/comments?post=2491"}],"version-history":[{"count":0,"href":"https:\/\/propaccount.com\/de\/wp-json\/wp\/v2\/pages\/2491\/revisions"}],"wp:attachment":[{"href":"https:\/\/propaccount.com\/de\/wp-json\/wp\/v2\/media?parent=2491"}],"curies":[{"name":"wp","href":"https:\/\/api.w.org\/{rel}","templated":true}]}}